{"id":45,"date":"2022-03-28T10:10:09","date_gmt":"2022-03-28T10:10:09","guid":{"rendered":"http:\/\/localhost\/wordpress\/?page_id=45"},"modified":"2022-11-15T17:58:49","modified_gmt":"2022-11-15T17:58:49","slug":"quem-somos","status":"publish","type":"page","link":"https:\/\/www.arsenal-alfeite.pt\/en_us\/quem-somos\/","title":{"rendered":"Who We Are"},"content":{"rendered":"<section class=\"kc-elm kc-css-853913 kc_row\"><div class=\"kc-row-container  kc-container\"><div class=\"kc-wrap-columns\"><div class=\"kc-elm kc-css-124717 kc_col-sm-4 kc_column kc_col-sm-4\"><div class=\"kc-col-container\"><div class=\"kc-elm kc-css-880718\" style=\"height: 120px; clear: both; width:100%;\"><\/div>\n<div class=\"kc-elm kc-css-621485\">\n\t<a class=\"kc_button\" href=\"#\" onclick=\"\">\n\t\t<i class=\"sl-user\"><\/i> Who We Are\t<\/a>\n<\/div>\n<\/div><\/div><div class=\"kc-elm kc-css-413993 kc_col-sm-4 kc_column kc_col-sm-4\"><div class=\"kc-col-container\"><div class=\"kc-elm kc-css-846405\" style=\"height: 120px; clear: both; width:100%;\"><\/div>\n<div class=\"kc-elm kc-css-623205\">\n\t<a class=\"kc_button\" href=\"https:\/\/www.arsenal-alfeite.pt\/en_us\/a-nossa-historia\/\" target=\"_self\" title=\"A nossa Hist\u00f3ria\" onclick=\"\">\n\t\t<i class=\"sl-user\"><\/i> Our History\t<\/a>\n<\/div>\n<\/div><\/div><div class=\"kc-elm kc-css-277331 kc_col-sm-4 kc_column kc_col-sm-4\"><div class=\"kc-col-container\"><div class=\"kc-elm kc-css-44193\" style=\"height: 120px; clear: both; width:100%;\"><\/div>\n<div class=\"kc-elm kc-css-692744\">\n\t<a class=\"kc_button\" href=\"https:\/\/www.arsenal-alfeite.pt\/en_us\/galeria\/\" target=\"_self\" title=\"Galeria\" onclick=\"\">\n\t\t<i class=\"sl-user\"><\/i> Galeria\t<\/a>\n<\/div>\n<\/div><\/div><\/div><\/div><\/section><section data-kc-fullwidth=\"row\" class=\"kc-elm kc-css-979963 kc_row\"><div class=\"kc-row-container  kc-container\"><div class=\"kc-wrap-columns\"><div class=\"kc-elm kc-css-630155 kc_col-sm-12 kc_column kc_col-sm-12\"><div class=\"kc-col-container\"><div class=\"kc-elm kc-css-756427\" style=\"height: 40px; clear: both; width:100%;\"><\/div><div class=\"kc-elm kc-css-630846 kc_shortcode kc_single_image\">\n\n        <img decoding=\"async\" src=\"https:\/\/www.arsenal-alfeite.pt\/wp-content\/uploads\/2022\/06\/foto6-2.png\" class=\"\" alt=\"\" \/>    <\/div>\n<\/div><\/div><\/div><\/div><\/section><section id=\"1\" class=\"kc-elm kc-css-672882 kc_row\"><div class=\"kc-row-container  kc-container\"><div class=\"kc-wrap-columns\"><div class=\"kc-elm kc-css-738576 kc_col-sm-12 kc_column kc_col-sm-12\"><div class=\"kc-col-container\"><div class=\"kc-elm kc-css-385457\" style=\"height: 120px; clear: both; width:100%;\"><\/div>\n<div class=\"kc-elm kc-css-166674 kc-title-wrap\">\n\n\t<h1 class=\"kc_title\">Who We Are\r\n<\/h1>\n<\/div>\n<div class=\"kc-elm kc-css-562091\" style=\"height: 20px; clear: both; width:100%;\"><\/div>\n<div class=\"kc-elm kc-css-387919 kc-title-wrap\">\n\n\t<h2 class=\"kc_title\">Arsenal do Alfeite, S. A.<\/h2>\n<\/div>\n<div class=\"kc-elm kc-css-845846 kc_text_block\"><\/p>\n<p>\u00a0The Ministry of National Defence, through Decree-Law No. 33\/2009, of 5 February, established the extinction of Arsenal do Alfeite, with a view to its commercialisation.<\/p>\n<p><!-- \/wp:post-content --><\/p>\n<p><!-- wp:paragraph --><\/p>\n<p><!-- \/wp:paragraph --><\/p>\n<p><!-- wp:paragraph --><\/p>\n<p>It then succeeds Arsenal do Alfeite, S.A. constituted in the form of a anonymous company, with exclusively public capital, which includes IdD \u2013 Portugal Defence, whose mission assigned within the scope of the National Defense Economy, manages public holdings in the defense sector, enabling effective autonomy and ability to comply of the missions of the Armed Forces, in addition to promoting the development of clusters in the areas of shipbuilding and repair, communications, advanced simulation and training systems and the aerospace sector, in its internationalization aspect.<\/p>\n<p><!-- \/wp:paragraph --><\/p>\n<p><!-- wp:paragraph --><\/p>\n<p>Arsenal do Alfeite, S.A. starts its activity on the 1st of September 2009, having in its genesis the need to create a reference entity in the naval industry, both nationally and internationally, imposed by the technological evolution of this sector.<\/p>\n<p><!-- \/wp:paragraph --><\/p>\n<p><!-- wp:paragraph --><\/p>\n<p>This company comprises an area of 36 hectares of implantation encompassed by the Lisbon Naval Base, which is located on the south bank of the Tagus River. It is mainly dedicated to satisfying the naval construction, maintenance and repair needs of the Portuguese Navy, other Nato and commercial navies, using advanced technologies, namely, in the areas of electronics, optronics, armaments, mechanics and electrotechnics.<\/p>\n<p><!-- \/wp:paragraph --><\/p>\n<p><!-- wp:paragraph --><\/p>\n<p>It also has a quality management system, certified according to the ISO 9001:2015 standard, and a set of testing and calibration laboratories accredited by the Portuguese Institute of Accreditation, according to the NP EN ISO\/IEC 17025 standard. It is also important to highlight its capacity in the area of studies and projects of new vessels, modifications and conversions, as well as in consultancy and provision of specialized industrial services.<\/p>\n<p><!-- \/wp:paragraph --><\/p>\n<p><!-- wp:paragraph --><\/p>\n<p><!-- \/wp:paragraph --><\/p>\n<p><!-- wp:paragraph --><\/p>\n<p><!-- \/wp:paragraph --><\/p>\n<p><!-- wp:heading {\"level\":3} --><\/p>\n<p><!-- \/wp:heading --><\/p>\n<p><!-- wp:paragraph --><\/p>\n<p><!-- \/wp:paragraph --><\/p>\n<p><!-- wp:paragraph --><\/p>\n<p><!-- \/wp:paragraph --><\/p>\n<p><!-- wp:paragraph --><\/p>\n<p><!-- \/wp:paragraph --><\/p>\n<p><!-- wp:heading {\"level\":3} --><\/p>\n<p><!-- \/wp:heading --><\/p>\n<p><!-- wp:paragraph --><\/p>\n<p><!-- \/wp:paragraph --><\/p>\n<p><!-- wp:paragraph --><\/p>\n<p><!-- \/wp:paragraph --><\/p>\n<p><!-- wp:pdfemb\/pdf-embedder-viewer {\"pdfID\":373,\"url\":\"http:\/\/srvvora01\/wordpress\/wp-content\/uploads\/2022\/03\/file141_pt.pdf\"} --><\/p>\n<p><!-- \/wp:pdfemb\/pdf-embedder-viewer --><\/p>\n<p><!-- wp:paragraph --><\/p>\n<p><!-- \/wp:paragraph --><\/p>\n<p>\n<\/div><div class=\"kc-elm kc-css-907292\" style=\"height: 20px; clear: both; width:100%;\"><\/div>\n<div class=\"kc-elm kc-css-759754 kc-title-wrap\">\n\n\t<h2 class=\"kc_title\">Mission, Vision, Values<\/h2>\n<\/div>\n<div class=\"kc-elm kc-css-772705 kc_text_block\"><\/p>\n<p><strong>Vision<\/strong><\/p>\n<p><!-- \/wp:paragraph --><\/p>\n<p><!-- wp:paragraph --><\/p>\n<p>\u201cTo be a partner of choice in the maintenance and transformation of military naval assets and a proactive agent of innovation and dynamism of the respective ecosystem and a relevant player at European and global level\u201d<\/p>\n<p><!-- \/wp:paragraph --><\/p>\n<p><!-- wp:paragraph --><\/p>\n<p><strong>Mission<\/strong><\/p>\n<p><!-- \/wp:paragraph --><\/p>\n<p><!-- wp:paragraph --><\/p>\n<p>\u201cEnsure the availability and innovation of complex military naval assets\u201d\u00a0<\/p>\n<p><!-- \/wp:paragraph --><\/p>\n<p><!-- wp:paragraph --><\/p>\n<p><strong>Values<\/strong><\/p>\n<p><!-- \/wp:paragraph --><\/p>\n<p><!-- wp:paragraph --><\/p>\n<p>Accuracy<br \/>Confidence<br \/>Innovation<br \/>Competence<br \/>Customer Focus<br \/>Responsability<\/p>\n<p>\n<\/div><div class=\"kc-elm kc-css-467189\" style=\"height: 20px; clear: both; width:100%;\"><\/div><div class=\"kc-elm kc-css-529203 kc_shortcode kc_single_image\">\n\n        <img decoding=\"async\" src=\"https:\/\/www.arsenal-alfeite.pt\/wp-content\/uploads\/2022\/10\/missao_pt.jpg\" class=\"\" alt=\"\" \/>    <\/div>\n<div class=\"kc-elm kc-css-646021\" style=\"height: 20px; clear: both; width:100%;\"><\/div>\n<div class=\"kc-elm kc-css-945485 kc-title-wrap\">\n\n\t<h2 class=\"kc_title\">Strategic Positioning<\/h2>\n<\/div>\n<div class=\"kc-elm kc-css-292290 kc_text_block\"><\/p>\n<p>Arsenal do Alfeite, S.A. asserts itself as a highly qualified reference shipyard in the areas of shipbuilding, maintenance and repair. Arsenal do Alfeite, S.A. operates on a global scale, providing customers with a wide range of high-quality, added-value engineering and industrial maintenance goods and services.<\/p>\n<p>\n<\/div><div class=\"kc-elm kc-css-839863\" style=\"height: 20px; clear: both; width:100%;\"><\/div><div class=\"kc-elm kc-css-770481 kc_text_block\"><p><a href=\"\/wp-content\/uploads\/2022\/10\/PAO-2021-2023-AA.pdf\" target=\"_blank\" rel=\"noopener\">Strategic Objectives<\/a><\/p>\n<\/div><div class=\"kc-elm kc-css-860174\" style=\"height: 20px; clear: both; width:100%;\"><\/div><div class=\"kc-elm kc-css-372393\" style=\"height: 20px; clear: both; width:100%;\"><\/div><\/div><\/div><\/div><\/div><\/section><section class=\"kc-elm kc-css-890250 kc_row\"><div class=\"kc-row-container  kc-container\"><div class=\"kc-wrap-columns\"><div class=\"kc-elm kc-css-500682 kc_col-sm-6 kc_column kc_col-sm-6\"><div class=\"kc-col-container\"><div class=\"kc-elm kc-css-506547 kc_shortcode kc_single_image\">\n\n        <img decoding=\"async\" src=\"https:\/\/www.arsenal-alfeite.pt\/wp-content\/uploads\/2022\/11\/quem_somos_2.png\" class=\"\" alt=\"\" \/>    <\/div>\n<\/div><\/div><div class=\"kc-elm kc-css-451393 kc_col-sm-6 kc_column kc_col-sm-6\"><div class=\"kc-col-container\"><div class=\"kc-elm kc-css-275719 kc_text_block\"><\/p>\n<ul>\n<li>\n<h5>Arsenal do Alfeite S.A. \u00e9 uma Sociedade An\u00f3nima de direito p\u00fablico portugu\u00eas sob tutela do Minist\u00e9rio da Defesa Nacional<\/h5>\n<\/li>\n<\/ul>\n<h5>\u00a0<\/h5>\n<ul>\n<li>\n<h5>Constru\u00e7\u00e3o Naval, Manuten\u00e7\u00e3o e Repara\u00e7\u00e3o de Navios, Sistemas de Armas e Equipamentos Militares e de Seguran\u00e7a ao longo de todo o ciclo de vida<\/h5>\n<\/li>\n<\/ul>\n<h5>\u00a0<\/h5>\n<ul>\n<li>\n<h5>Principais Clientes: Marinha Portuguesa, Marinhas aliadas, Estaleiros e Ind\u00fastrias<\/h5>\n<\/li>\n<\/ul>\n<p>\n<\/div><\/div><\/div><\/div><\/div><\/section><section class=\"kc-elm kc-css-490304 kc_row\"><div class=\"kc-row-container  kc-container\"><div class=\"kc-wrap-columns\"><div class=\"kc-elm kc-css-128321 kc_col-sm-12 kc_column kc_col-sm-12\"><div class=\"kc-col-container\"><div class=\"kc-elm kc-css-293736\" style=\"height: 20px; clear: both; width:100%;\"><\/div><div class=\"kc-elm kc-css-674407 kc_shortcode kc_single_image\">\n\n        <img decoding=\"async\" src=\"https:\/\/www.arsenal-alfeite.pt\/wp-content\/uploads\/2022\/10\/quem_somos_2.png\" class=\"\" alt=\"\" \/>    <\/div>\n<\/div><\/div><\/div><\/div><\/section>","protected":false},"excerpt":{"rendered":"","protected":false},"author":5,"featured_media":0,"parent":0,"menu_order":0,"comment_status":"closed","ping_status":"closed","template":"kc-template.php","meta":{"footnotes":""},"class_list":["post-45","page","type-page","status-publish","hentry"],"_links":{"self":[{"href":"https:\/\/www.arsenal-alfeite.pt\/en_us\/wp-json\/wp\/v2\/pages\/45","targetHints":{"allow":["GET"]}}],"collection":[{"href":"https:\/\/www.arsenal-alfeite.pt\/en_us\/wp-json\/wp\/v2\/pages"}],"about":[{"href":"https:\/\/www.arsenal-alfeite.pt\/en_us\/wp-json\/wp\/v2\/types\/page"}],"author":[{"embeddable":true,"href":"https:\/\/www.arsenal-alfeite.pt\/en_us\/wp-json\/wp\/v2\/users\/5"}],"replies":[{"embeddable":true,"href":"https:\/\/www.arsenal-alfeite.pt\/en_us\/wp-json\/wp\/v2\/comments?post=45"}],"version-history":[{"count":46,"href":"https:\/\/www.arsenal-alfeite.pt\/en_us\/wp-json\/wp\/v2\/pages\/45\/revisions"}],"predecessor-version":[{"id":3278,"href":"https:\/\/www.arsenal-alfeite.pt\/en_us\/wp-json\/wp\/v2\/pages\/45\/revisions\/3278"}],"wp:attachment":[{"href":"https:\/\/www.arsenal-alfeite.pt\/en_us\/wp-json\/wp\/v2\/media?parent=45"}],"curies":[{"name":"wp","href":"https:\/\/api.w.org\/{rel}","templated":true}]}}