{"id":3907,"date":"2024-05-22T15:00:24","date_gmt":"2024-05-22T15:00:24","guid":{"rendered":"https:\/\/www.arsenal-alfeite.pt\/?page_id=3907"},"modified":"2026-02-26T13:33:15","modified_gmt":"2026-02-26T13:33:15","slug":"refrecrutamento","status":"publish","type":"page","link":"https:\/\/www.arsenal-alfeite.pt\/en_us\/refrecrutamento\/","title":{"rendered":"RefRecrutamento"},"content":{"rendered":"<p><section class=\"kc-elm kc-css-230288 kc_row\"><div class=\"kc-row-container  kc-container\"><div class=\"kc-wrap-columns\"><div class=\"kc-elm kc-css-261540 kc_col-sm-4 kc_column kc_col-sm-4\"><div class=\"kc-col-container\"><div class=\"kc-elm kc-css-313498\" style=\"height: 125px; clear: both; width:100%;\"><\/div><div class=\"kc-elm kc-css-994708 kc_shortcode kc_single_image\">\n\n        <img decoding=\"async\" src=\"https:\/\/www.arsenal-alfeite.pt\/wp-content\/uploads\/2026\/02\/Bombeiro.jpg\" class=\"\" alt=\"\" \/>    <\/div>\n<div class=\"kc-elm kc-css-477784\" style=\"height: 20px; clear: both; width:100%;\"><\/div><\/div><\/div><div class=\"kc-elm kc-css-203165 kc_col-sm-8 kc_column kc_col-sm-8\"><div class=\"kc-col-container\"><div class=\"kc-elm kc-css-481333\" style=\"height: 125px; clear: both; width:100%;\"><\/div><div class=\"kc-elm kc-css-134379 kc_text_block\"><\/p>\n<p><strong>Bombeiro<\/strong><\/p>\n<p><strong style=\"font-style: inherit;\">Ref.\u00aa 01\/2026<\/strong><\/p>\n<p>\n<\/div><div class=\"kc-elm kc-css-864331\" style=\"height: 20px; clear: both; width:100%;\"><\/div><div class=\"kc-elm kc-css-683322 kc_shortcode kc_single_image\">\n\n        <a  href=\"\/wp-content\/uploads\/2026\/02\/Perfil-Bombeiro-fev2026.pdf\" title=\"\" target=\"_blank\">\n        <img decoding=\"async\" src=\"https:\/\/www.arsenal-alfeite.pt\/wp-content\/uploads\/2024\/06\/mais-info-peq.jpg\" class=\"\" alt=\"\" \/>    <\/a>\n    <\/div>\n<div class=\"kc-elm kc-css-372410\" style=\"height: 20px; clear: both; width:100%;\"><\/div><div class=\"kc-elm kc-css-307927 kc_text_block\"><\/p>\n<p>Candidata-te<strong> <a href=\"https:\/\/www.arsenal-alfeite.pt\/en_us\/formulario\/\">AQUI<\/a><\/strong><\/p>\n<p>\n<\/div><div class=\"kc-elm kc-css-23226\" style=\"height: 20px; clear: both; width:100%;\"><\/div><\/div><\/div><\/div><\/div><\/section><section class=\"kc-elm kc-css-455551 kc_row\"><div class=\"kc-row-container  kc-container\"><div class=\"kc-wrap-columns\"><div class=\"kc-elm kc-css-41877 kc_col-sm-4 kc_column kc_col-sm-4\"><div class=\"kc-col-container\"><div class=\"kc-elm kc-css-178907\" style=\"height: 10px; clear: both; width:100%;\"><\/div><div class=\"kc-elm kc-css-448359 kc_shortcode kc_single_image\">\n\n        <img decoding=\"async\" src=\"https:\/\/www.arsenal-alfeite.pt\/wp-content\/uploads\/2025\/05\/RecHuman.jpg\" class=\"\" alt=\"\" \/>    <\/div>\n<div class=\"kc-elm kc-css-338660\" style=\"height: 45px; clear: both; width:100%;\"><\/div><\/div><\/div><div class=\"kc-elm kc-css-60761 kc_col-sm-8 kc_column kc_col-sm-8\"><div class=\"kc-col-container\"><div class=\"kc-elm kc-css-898988\" style=\"height: 10px; clear: both; width:100%;\"><\/div><div class=\"kc-elm kc-css-79019 kc_text_block\"><\/p>\n<p><strong>T\u00e9cnico de Recursos Humanos<\/strong><br \/><strong>Ref.\u00aa 13\/2025<\/strong><\/p>\n<p>\n<\/div><div class=\"kc-elm kc-css-221726\" style=\"height: 20px; clear: both; width:100%;\"><\/div><div class=\"kc-elm kc-css-505876 kc_shortcode kc_single_image\">\n\n        <a  href=\"\/wp-content\/uploads\/2025\/05\/Perfil-Tecnico-de-Recursos-Humanos-maio2025.pdf\" title=\"\" target=\"_blank\">\n        <img decoding=\"async\" src=\"https:\/\/www.arsenal-alfeite.pt\/wp-content\/uploads\/2024\/06\/mais-info-peq.jpg\" class=\"\" alt=\"\" \/>    <\/a>\n    <\/div>\n<div class=\"kc-elm kc-css-39662\" style=\"height: 20px; clear: both; width:100%;\"><\/div><div class=\"kc-elm kc-css-170166 kc_text_block\"><\/p>\n<p>Candidata-te<strong> <a href=\"https:\/\/www.arsenal-alfeite.pt\/en_us\/formulario\/\">AQUI<\/a><\/strong><\/p>\n<p>\n<\/div><div class=\"kc-elm kc-css-650268\" style=\"height: 20px; clear: both; width:100%;\"><\/div><\/div><\/div><\/div><\/div><\/section><section class=\"kc-elm kc-css-185809 kc_row\"><div class=\"kc-row-container  kc-container\"><div class=\"kc-wrap-columns\"><div class=\"kc-elm kc-css-485497 kc_col-sm-4 kc_column kc_col-sm-4\"><div class=\"kc-col-container\"><div class=\"kc-elm kc-css-654357\" style=\"height: 10px; clear: both; width:100%;\"><\/div><div class=\"kc-elm kc-css-829179 kc_shortcode kc_single_image\">\n\n        <img decoding=\"async\" src=\"https:\/\/www.arsenal-alfeite.pt\/wp-content\/uploads\/2025\/05\/compras.jpg\" class=\"\" alt=\"\" \/>    <\/div>\n<div class=\"kc-elm kc-css-669261\" style=\"height: 45px; clear: both; width:100%;\"><\/div><\/div><\/div><div class=\"kc-elm kc-css-853956 kc_col-sm-8 kc_column kc_col-sm-8\"><div class=\"kc-col-container\"><div class=\"kc-elm kc-css-221764\" style=\"height: 10px; clear: both; width:100%;\"><\/div><div class=\"kc-elm kc-css-349448 kc_text_block\"><\/p>\n<p><strong>T\u00e9cnico Superior &#8211; Contrata\u00e7\u00e3o P\u00fablica<\/strong><br \/><strong>Ref.\u00aa 14\/2025<\/strong><\/p>\n<p>\n<\/div><div class=\"kc-elm kc-css-605748\" style=\"height: 20px; clear: both; width:100%;\"><\/div><div class=\"kc-elm kc-css-977427 kc_shortcode kc_single_image\">\n\n        <a  href=\"\/wp-content\/uploads\/2025\/05\/Perfil-TES-Contratacao-Publica-maio-2025.pdf\" title=\"\" target=\"_blank\">\n        <img decoding=\"async\" src=\"https:\/\/www.arsenal-alfeite.pt\/wp-content\/uploads\/2024\/06\/mais-info-peq.jpg\" class=\"\" alt=\"\" \/>    <\/a>\n    <\/div>\n<div class=\"kc-elm kc-css-643429\" style=\"height: 20px; clear: both; width:100%;\"><\/div><div class=\"kc-elm kc-css-149254 kc_text_block\"><\/p>\n<p>Candidata-te<strong> <a href=\"https:\/\/www.arsenal-alfeite.pt\/en_us\/formulario\/\">AQUI<\/a><\/strong><\/p>\n<p>\n<\/div><div class=\"kc-elm kc-css-617662\" style=\"height: 20px; clear: both; width:100%;\"><\/div><\/div><\/div><\/div><\/div><\/section><section class=\"kc-elm kc-css-871677 kc_row\"><div class=\"kc-row-container  kc-container\"><div class=\"kc-wrap-columns\"><div class=\"kc-elm kc-css-14890 kc_col-sm-4 kc_column kc_col-sm-4\"><div class=\"kc-col-container\"><div class=\"kc-elm kc-css-515635\" style=\"height: 10px; clear: both; width:100%;\"><\/div><div class=\"kc-elm kc-css-193050 kc_shortcode kc_single_image\">\n\n        <img decoding=\"async\" src=\"https:\/\/www.arsenal-alfeite.pt\/wp-content\/uploads\/2025\/05\/eletronica2.jpg\" class=\"\" alt=\"\" \/>    <\/div>\n<div class=\"kc-elm kc-css-696565\" style=\"height: 45px; clear: both; width:100%;\"><\/div><\/div><\/div><div class=\"kc-elm kc-css-444300 kc_col-sm-8 kc_column kc_col-sm-8\"><div class=\"kc-col-container\"><div class=\"kc-elm kc-css-581713\" style=\"height: 10px; clear: both; width:100%;\"><\/div><div class=\"kc-elm kc-css-602597 kc_text_block\"><\/p>\n<p><strong>T\u00e9cnico de Eletr\u00f3nica<\/strong><br \/><strong>Ref.\u00aa 15\/2025<\/strong><\/p>\n<p>\n<\/div><div class=\"kc-elm kc-css-64523\" style=\"height: 20px; clear: both; width:100%;\"><\/div><div class=\"kc-elm kc-css-892287 kc_shortcode kc_single_image\">\n\n        <a  href=\"\/wp-content\/uploads\/2025\/05\/Perfil-TEC-Eletronica-fevereiro-2025.pdf\" title=\"\" target=\"_blank\">\n        <img decoding=\"async\" src=\"https:\/\/www.arsenal-alfeite.pt\/wp-content\/uploads\/2024\/06\/mais-info-peq.jpg\" class=\"\" alt=\"\" \/>    <\/a>\n    <\/div>\n<div class=\"kc-elm kc-css-769342\" style=\"height: 20px; clear: both; width:100%;\"><\/div><div class=\"kc-elm kc-css-32660 kc_text_block\"><\/p>\n<p>Candidata-te<strong> <a href=\"https:\/\/www.arsenal-alfeite.pt\/en_us\/formulario\/\">AQUI<\/a><\/strong><\/p>\n<p>\n<\/div><div class=\"kc-elm kc-css-102088\" style=\"height: 20px; clear: both; width:100%;\"><\/div><\/div><\/div><\/div><\/div><\/section><section class=\"kc-elm kc-css-283619 kc_row\"><div class=\"kc-row-container  kc-container\"><div class=\"kc-wrap-columns\"><div class=\"kc-elm kc-css-943009 kc_col-sm-4 kc_column kc_col-sm-4\"><div class=\"kc-col-container\"><div class=\"kc-elm kc-css-583304\" style=\"height: 10px; clear: both; width:100%;\"><\/div><div class=\"kc-elm kc-css-308822 kc_shortcode kc_single_image\">\n\n        <img decoding=\"async\" src=\"https:\/\/www.arsenal-alfeite.pt\/wp-content\/uploads\/2025\/10\/eletromecanica2.jpg\" class=\"\" alt=\"\" \/>    <\/div>\n<div class=\"kc-elm kc-css-98523\" style=\"height: 20px; clear: both; width:100%;\"><\/div><\/div><\/div><div class=\"kc-elm kc-css-726082 kc_col-sm-8 kc_column kc_col-sm-8\"><div class=\"kc-col-container\"><div class=\"kc-elm kc-css-107099\" style=\"height: 10px; clear: both; width:100%;\"><\/div><div class=\"kc-elm kc-css-290601 kc_text_block\"><\/p>\n<p><strong>T\u00e9cnico\/a de Eletromec\u00e2nica<\/strong><br \/><strong>Ref.\u00aa 25\/2025<\/strong><\/p>\n<p>\n<\/div><div class=\"kc-elm kc-css-858894\" style=\"height: 20px; clear: both; width:100%;\"><\/div><div class=\"kc-elm kc-css-377159 kc_shortcode kc_single_image\">\n\n        <a  href=\"\/wp-content\/uploads\/2025\/10\/eletromecanica.pdf\" title=\"\" target=\"_blank\">\n        <img decoding=\"async\" src=\"https:\/\/www.arsenal-alfeite.pt\/wp-content\/uploads\/2024\/06\/mais-info-peq.jpg\" class=\"\" alt=\"\" \/>    <\/a>\n    <\/div>\n<div class=\"kc-elm kc-css-975945\" style=\"height: 20px; clear: both; width:100%;\"><\/div><div class=\"kc-elm kc-css-36717 kc_text_block\"><\/p>\n<p>Candidata-te<strong> <a href=\"https:\/\/www.arsenal-alfeite.pt\/en_us\/formulario\/\">AQUI<\/a><\/strong><\/p>\n<p>\n<\/div><div class=\"kc-elm kc-css-315221\" style=\"height: 20px; clear: both; width:100%;\"><\/div><\/div><\/div><\/div><\/div><\/section><section class=\"kc-elm kc-css-313375 kc_row\"><div class=\"kc-row-container  kc-container\"><div class=\"kc-wrap-columns\"><div class=\"kc-elm kc-css-496120 kc_col-sm-4 kc_column kc_col-sm-4\"><div class=\"kc-col-container\"><div class=\"kc-elm kc-css-189426\" style=\"height: 10px; clear: both; width:100%;\"><\/div><div class=\"kc-elm kc-css-499611 kc_shortcode kc_single_image\">\n\n        <img decoding=\"async\" src=\"https:\/\/www.arsenal-alfeite.pt\/wp-content\/uploads\/2026\/02\/operador-maquinacao-2.jpg\" class=\"\" alt=\"\" \/>    <\/div>\n<div class=\"kc-elm kc-css-482451\" style=\"height: 45px; clear: both; width:100%;\"><\/div><\/div><\/div><div class=\"kc-elm kc-css-644877 kc_col-sm-8 kc_column kc_col-sm-8\"><div class=\"kc-col-container\"><div class=\"kc-elm kc-css-886205\" style=\"height: 10px; clear: both; width:100%;\"><\/div><div class=\"kc-elm kc-css-172909 kc_text_block\"><\/p>\n<p><strong>Operador de Maquina\u00e7\u00e3o Convencional e CNC<\/strong><br \/><strong>Ref.\u00aa 02\/2026<\/strong><\/p>\n<p>\n<\/div><div class=\"kc-elm kc-css-561826\" style=\"height: 20px; clear: both; width:100%;\"><\/div><div class=\"kc-elm kc-css-958148 kc_shortcode kc_single_image\">\n\n        <a  href=\"\/wp-content\/uploads\/2026\/02\/Perfil-Operador-de-Maquinacao-fev2026.pdf\" title=\"\" target=\"_blank\">\n        <img decoding=\"async\" src=\"https:\/\/www.arsenal-alfeite.pt\/wp-content\/uploads\/2024\/06\/mais-info-peq.jpg\" class=\"\" alt=\"\" \/>    <\/a>\n    <\/div>\n<div class=\"kc-elm kc-css-999057\" style=\"height: 20px; clear: both; width:100%;\"><\/div><div class=\"kc-elm kc-css-323996 kc_text_block\"><\/p>\n<p>Candidata-te<strong> <a href=\"https:\/\/www.arsenal-alfeite.pt\/en_us\/formulario\/\">AQUI<\/a><\/strong><\/p>\n<p>\n<\/div><div class=\"kc-elm kc-css-917014\" style=\"height: 20px; clear: both; width:100%;\"><\/div><\/div><\/div><\/div><\/div><\/section><section class=\"kc-elm kc-css-292815 kc_row\"><div class=\"kc-row-container  kc-container\"><div class=\"kc-wrap-columns\"><div class=\"kc-elm kc-css-146488 kc_col-sm-4 kc_column kc_col-sm-4\"><div class=\"kc-col-container\"><div class=\"kc-elm kc-css-588038\" style=\"height: 10px; clear: both; width:100%;\"><\/div><div class=\"kc-elm kc-css-868181 kc_shortcode kc_single_image\">\n\n        <img decoding=\"async\" src=\"https:\/\/www.arsenal-alfeite.pt\/wp-content\/uploads\/2025\/11\/serralheiro_civil.jpg\" class=\"\" alt=\"\" \/>    <\/div>\n<div class=\"kc-elm kc-css-417056\" style=\"height: 20px; clear: both; width:100%;\"><\/div><\/div><\/div><div class=\"kc-elm kc-css-916606 kc_col-sm-8 kc_column kc_col-sm-8\"><div class=\"kc-col-container\"><div class=\"kc-elm kc-css-235784\" style=\"height: 10px; clear: both; width:100%;\"><\/div><div class=\"kc-elm kc-css-960222 kc_text_block\"><\/p>\n<p><strong>Serralheiro\/a Civil<\/strong><br \/><strong>Ref.\u00aa 32\/2025<\/strong><\/p>\n<p>\n<\/div><div class=\"kc-elm kc-css-752251\" style=\"height: 20px; clear: both; width:100%;\"><\/div><div class=\"kc-elm kc-css-535699 kc_shortcode kc_single_image\">\n\n        <a  href=\"\/wp-content\/uploads\/2025\/11\/Perfil-Serralheiro-Civil-out2025.pdf\" title=\"\" target=\"_blank\">\n        <img decoding=\"async\" src=\"https:\/\/www.arsenal-alfeite.pt\/wp-content\/uploads\/2024\/06\/mais-info-peq.jpg\" class=\"\" alt=\"\" \/>    <\/a>\n    <\/div>\n<div class=\"kc-elm kc-css-180033\" style=\"height: 20px; clear: both; width:100%;\"><\/div><div class=\"kc-elm kc-css-209149 kc_text_block\"><\/p>\n<p>Candidata-te<strong> <a href=\"https:\/\/www.arsenal-alfeite.pt\/en_us\/formulario\/\">AQUI<\/a><\/strong><\/p>\n<p>\n<\/div><div class=\"kc-elm kc-css-888784\" style=\"height: 20px; clear: both; width:100%;\"><\/div><\/div><\/div><\/div><\/div><\/section><section class=\"kc-elm kc-css-581626 kc_row\"><div class=\"kc-row-container  kc-container\"><div class=\"kc-wrap-columns\"><div class=\"kc-elm kc-css-820615 kc_col-sm-4 kc_column kc_col-sm-4\"><div class=\"kc-col-container\"><div class=\"kc-elm kc-css-202435\" style=\"height: 10px; clear: both; width:100%;\"><\/div><div class=\"kc-elm kc-css-596682 kc_shortcode kc_single_image\">\n\n        <img decoding=\"async\" src=\"https:\/\/www.arsenal-alfeite.pt\/wp-content\/uploads\/2025\/11\/tec_maq-eletricas.jpg\" class=\"\" alt=\"\" \/>    <\/div>\n<div class=\"kc-elm kc-css-971338\" style=\"height: 45px; clear: both; width:100%;\"><\/div><\/div><\/div><div class=\"kc-elm kc-css-81817 kc_col-sm-8 kc_column kc_col-sm-8\"><div class=\"kc-col-container\"><div class=\"kc-elm kc-css-78970\" style=\"height: 10px; clear: both; width:100%;\"><\/div><div class=\"kc-elm kc-css-58967 kc_text_block\"><\/p>\n<p><span style=\"font-weight: 600;\">T\u00e9cnico\/a de M\u00e1quinas El\u00e9tricas\u00a0<\/span><\/p>\n<p><span style=\"font-weight: 600; font-style: inherit;\">Ref.\u00aa 33\/2025<\/span><\/p>\n<p>\n<\/div><div class=\"kc-elm kc-css-544879\" style=\"height: 20px; clear: both; width:100%;\"><\/div><div class=\"kc-elm kc-css-395437 kc_shortcode kc_single_image\">\n\n        <a  href=\"\/wp-content\/uploads\/2025\/11\/Perfil-Tecnico-de-Maquinas-Eletricas-nov2025.pdf\" title=\"\" target=\"_blank\">\n        <img decoding=\"async\" src=\"https:\/\/www.arsenal-alfeite.pt\/wp-content\/uploads\/2024\/06\/mais-info-peq.jpg\" class=\"\" alt=\"\" \/>    <\/a>\n    <\/div>\n<div class=\"kc-elm kc-css-509176\" style=\"height: 20px; clear: both; width:100%;\"><\/div><div class=\"kc-elm kc-css-436557 kc_text_block\"><\/p>\n<p>Candidata-te<strong> <a href=\"https:\/\/www.arsenal-alfeite.pt\/en_us\/formulario\/\">AQUI<\/a><\/strong><\/p>\n<p>\n<\/div><div class=\"kc-elm kc-css-451303\" style=\"height: 20px; clear: both; width:100%;\"><\/div><\/div><\/div><\/div><\/div><\/section><section class=\"kc-elm kc-css-878044 kc_row\"><div class=\"kc-row-container  kc-container\"><div class=\"kc-wrap-columns\"><div class=\"kc-elm kc-css-54975 kc_col-sm-4 kc_column kc_col-sm-4\"><div class=\"kc-col-container\"><div class=\"kc-elm kc-css-785475\" style=\"height: 10px; clear: both; width:100%;\"><\/div><div class=\"kc-elm kc-css-895531 kc_shortcode kc_single_image\">\n\n        <img decoding=\"async\" src=\"https:\/\/www.arsenal-alfeite.pt\/wp-content\/uploads\/2025\/11\/Mecanica.jpg\" class=\"\" alt=\"\" \/>    <\/div>\n<div class=\"kc-elm kc-css-769124\" style=\"height: 20px; clear: both; width:100%;\"><\/div><\/div><\/div><div class=\"kc-elm kc-css-748737 kc_col-sm-8 kc_column kc_col-sm-8\"><div class=\"kc-col-container\"><div class=\"kc-elm kc-css-98716\" style=\"height: 10px; clear: both; width:100%;\"><\/div><div class=\"kc-elm kc-css-938989 kc_text_block\"><\/p>\n<p><strong>T\u00e9cnico\/a de Mec\u00e2nica Geral<\/strong><\/p>\n<p><strong style=\"font-style: inherit;\">Ref.\u00aa 34\/2025<\/strong><\/p>\n<p>\n<\/div><div class=\"kc-elm kc-css-893891\" style=\"height: 20px; clear: both; width:100%;\"><\/div><div class=\"kc-elm kc-css-147574 kc_shortcode kc_single_image\">\n\n        <a  href=\"\/wp-content\/uploads\/2025\/12\/Perfil-Tecnico-de-Mecanica-Geral-dezembro-2025.pdf\" title=\"\" target=\"_blank\">\n        <img decoding=\"async\" src=\"https:\/\/www.arsenal-alfeite.pt\/wp-content\/uploads\/2024\/06\/mais-info-peq.jpg\" class=\"\" alt=\"\" \/>    <\/a>\n    <\/div>\n<div class=\"kc-elm kc-css-237859\" style=\"height: 20px; clear: both; width:100%;\"><\/div><div class=\"kc-elm kc-css-973697 kc_text_block\"><\/p>\n<p>Candidata-te<strong> <a href=\"https:\/\/www.arsenal-alfeite.pt\/en_us\/formulario\/\">AQUI<\/a><\/strong><\/p>\n<p>\n<\/div><div class=\"kc-elm kc-css-536559\" style=\"height: 20px; clear: both; width:100%;\"><\/div><\/div><\/div><\/div><\/div><\/section><section class=\"kc-elm kc-css-541926 kc_row\"><div class=\"kc-row-container  kc-container\"><div class=\"kc-wrap-columns\"><div class=\"kc-elm kc-css-292423 kc_col-sm-4 kc_column kc_col-sm-4\"><div class=\"kc-col-container\"><div class=\"kc-elm kc-css-933775\" style=\"height: 10px; clear: both; width:100%;\"><\/div><div class=\"kc-elm kc-css-336880 kc_shortcode kc_single_image\">\n\n        <img decoding=\"async\" src=\"https:\/\/www.arsenal-alfeite.pt\/wp-content\/uploads\/2025\/12\/EngMecanico2.jpg\" class=\"\" alt=\"\" \/>    <\/div>\n<div class=\"kc-elm kc-css-745271\" style=\"height: 20px; clear: both; width:100%;\"><\/div><\/div><\/div><div class=\"kc-elm kc-css-211384 kc_col-sm-8 kc_column kc_col-sm-8\"><div class=\"kc-col-container\"><div class=\"kc-elm kc-css-803480\" style=\"height: 10px; clear: both; width:100%;\"><\/div><div class=\"kc-elm kc-css-5137 kc_text_block\"><\/p>\n<p><span style=\"font-weight: 600;\">Engenheiro Mec\u00e2nico<\/span><\/p>\n<p><span style=\"font-weight: 600; font-style: inherit;\">Ref.\u00aa 36\/2025<\/span><\/p>\n<p>\n<\/div><div class=\"kc-elm kc-css-815275\" style=\"height: 20px; clear: both; width:100%;\"><\/div><div class=\"kc-elm kc-css-117649 kc_shortcode kc_single_image\">\n\n        <a  href=\"\/wp-content\/uploads\/2025\/12\/Perfil-Engenheiro-Mecanico-Dez2025.pdf\" title=\"\" target=\"_blank\">\n        <img decoding=\"async\" src=\"https:\/\/www.arsenal-alfeite.pt\/wp-content\/uploads\/2024\/06\/mais-info-peq.jpg\" class=\"\" alt=\"\" \/>    <\/a>\n    <\/div>\n<div class=\"kc-elm kc-css-170026\" style=\"height: 20px; clear: both; width:100%;\"><\/div><div class=\"kc-elm kc-css-164618 kc_text_block\"><\/p>\n<p>Candidata-te<strong> <a href=\"https:\/\/www.arsenal-alfeite.pt\/en_us\/formulario\/\">AQUI<\/a><\/strong><\/p>\n<p>\n<\/div><div class=\"kc-elm kc-css-572380\" style=\"height: 20px; clear: both; width:100%;\"><\/div><\/div><\/div><\/div><\/div><\/section><\/p>","protected":false},"excerpt":{"rendered":"","protected":false},"author":5,"featured_media":0,"parent":0,"menu_order":0,"comment_status":"closed","ping_status":"closed","template":"redux-templates_full_width","meta":{"footnotes":""},"class_list":["post-3907","page","type-page","status-publish","hentry"],"_links":{"self":[{"href":"https:\/\/www.arsenal-alfeite.pt\/en_us\/wp-json\/wp\/v2\/pages\/3907","targetHints":{"allow":["GET"]}}],"collection":[{"href":"https:\/\/www.arsenal-alfeite.pt\/en_us\/wp-json\/wp\/v2\/pages"}],"about":[{"href":"https:\/\/www.arsenal-alfeite.pt\/en_us\/wp-json\/wp\/v2\/types\/page"}],"author":[{"embeddable":true,"href":"https:\/\/www.arsenal-alfeite.pt\/en_us\/wp-json\/wp\/v2\/users\/5"}],"replies":[{"embeddable":true,"href":"https:\/\/www.arsenal-alfeite.pt\/en_us\/wp-json\/wp\/v2\/comments?post=3907"}],"version-history":[{"count":110,"href":"https:\/\/www.arsenal-alfeite.pt\/en_us\/wp-json\/wp\/v2\/pages\/3907\/revisions"}],"predecessor-version":[{"id":6752,"href":"https:\/\/www.arsenal-alfeite.pt\/en_us\/wp-json\/wp\/v2\/pages\/3907\/revisions\/6752"}],"wp:attachment":[{"href":"https:\/\/www.arsenal-alfeite.pt\/en_us\/wp-json\/wp\/v2\/media?parent=3907"}],"curies":[{"name":"wp","href":"https:\/\/api.w.org\/{rel}","templated":true}]}}