{"id":3372,"date":"2023-03-14T10:38:01","date_gmt":"2023-03-14T10:38:01","guid":{"rendered":"https:\/\/www.arsenal-alfeite.pt\/?page_id=3372"},"modified":"2024-06-06T14:44:34","modified_gmt":"2024-06-06T14:44:34","slug":"estagios","status":"publish","type":"page","link":"https:\/\/www.arsenal-alfeite.pt\/en_us\/estagios\/","title":{"rendered":"Est\u00e1gios"},"content":{"rendered":"<p><section class=\"kc-elm kc-css-907296 kc_row\"><div class=\"kc-row-container  kc-container\"><div class=\"kc-wrap-columns\"><div class=\"kc-elm kc-css-149021 kc_col-sm-4 kc_column kc_col-sm-4\"><div class=\"kc-col-container\"><div class=\"kc-elm kc-css-537186\" style=\"height: 120px; clear: both; width:100%;\"><\/div><\/div><\/div><div class=\"kc-elm kc-css-612994 kc_col-sm-4 kc_column kc_col-sm-4\"><div class=\"kc-col-container\"><div class=\"kc-elm kc-css-763593\" style=\"height: 120px; clear: both; width:100%;\"><\/div><\/div><\/div><div class=\"kc-elm kc-css-299602 kc_col-sm-4 kc_column kc_col-sm-4\"><div class=\"kc-col-container\"><div class=\"kc-elm kc-css-935275\" style=\"height: 120px; clear: both; width:100%;\"><\/div><\/div><\/div><\/div><\/div><\/section><section class=\"kc-elm kc-css-594798 kc_row\"><div class=\"kc-row-container  kc-container\"><div class=\"kc-wrap-columns\"><div class=\"kc-elm kc-css-11986 kc_column kc_col-sm-12\"><div class=\"kc-col-container\"><div class=\"kc-contact-form7 kc-elm kc-css-259443\"><div role=\"form\" class=\"wpcf7\" id=\"wpcf7-f3403-o1\" lang=\"pt-PT\" dir=\"ltr\">\n<div class=\"screen-reader-response\"><p role=\"status\" aria-live=\"polite\" aria-atomic=\"true\"><\/p> <ul><\/ul><\/div>\n<form action=\"\/en_us\/wp-json\/wp\/v2\/pages\/3372#wpcf7-f3403-o1\" method=\"post\" class=\"wpcf7-form init\" enctype=\"multipart\/form-data\" novalidate=\"novalidate\" data-status=\"init\" data-trp-original-action=\"\/en_us\/wp-json\/wp\/v2\/pages\/3372#wpcf7-f3403-o1\">\n<div style=\"display: none;\">\n<input type=\"hidden\" name=\"_wpcf7\" value=\"3403\" \/>\n<input type=\"hidden\" name=\"_wpcf7_version\" value=\"5.6\" \/>\n<input type=\"hidden\" name=\"_wpcf7_locale\" value=\"pt_PT\" \/>\n<input type=\"hidden\" name=\"_wpcf7_unit_tag\" value=\"wpcf7-f3403-o1\" \/>\n<input type=\"hidden\" name=\"_wpcf7_container_post\" value=\"0\" \/>\n<input type=\"hidden\" name=\"_wpcf7_posted_data_hash\" value=\"\" \/>\n<input type=\"hidden\" name=\"_wpcf7cf_hidden_group_fields\" value=\"[]\" \/>\n<input type=\"hidden\" name=\"_wpcf7cf_hidden_groups\" value=\"[]\" \/>\n<input type=\"hidden\" name=\"_wpcf7cf_visible_groups\" value=\"[]\" \/>\n<input type=\"hidden\" name=\"_wpcf7cf_repeaters\" value=\"[]\" \/>\n<input type=\"hidden\" name=\"_wpcf7cf_steps\" value=\"{}\" \/>\n<input type=\"hidden\" name=\"_wpcf7cf_options\" value=\"{&quot;form_id&quot;:3403,&quot;conditions&quot;:[],&quot;settings&quot;:{&quot;animation&quot;:&quot;yes&quot;,&quot;animation_intime&quot;:200,&quot;animation_outtime&quot;:200,&quot;conditions_ui&quot;:&quot;normal&quot;,&quot;notice_dismissed&quot;:false}}\" \/>\n<\/div>\n<div class=\"uacf7-form-3403\">\n<div class=\"uacf7-row\">\n<div class=\"uacf7-col-6\">\n<label> Est\u00e1gio pretendido (obrigat\u00f3rio):<br \/>\n<span class=\"wpcf7-form-control-wrap\" data-name=\"menu-984\"><select name=\"menu-984\" class=\"wpcf7-form-control wpcf7-select wpcf7-validates-as-required\" aria-required=\"true\" aria-invalid=\"false\"><option value=\"Est\u00e1gio Curricular\">Est\u00e1gio Curricular<\/option><option value=\"Est\u00e1gio de Ver\u00e3o\">Est\u00e1gio de Ver\u00e3o<\/option><\/select><\/span><\/label><\/p>\n<p><label> Nome Completo (obrigat\u00f3rio):<br \/>\n    <span class=\"wpcf7-form-control-wrap\" data-name=\"your-name\"><input type=\"text\" name=\"your-name\" value=\"\" size=\"40\" class=\"wpcf7-form-control wpcf7-text wpcf7-validates-as-required\" aria-required=\"true\" aria-invalid=\"false\" \/><\/span> <\/label><\/p>\n<p><label> Endere\u00e7o de correio eletr\u00f3nico (obrigat\u00f3rio):<br \/>\n    <span class=\"wpcf7-form-control-wrap\" data-name=\"your-email\"><input type=\"email\" name=\"your-email\" value=\"\" size=\"40\" class=\"wpcf7-form-control wpcf7-text wpcf7-email wpcf7-validates-as-required wpcf7-validates-as-email\" aria-required=\"true\" aria-invalid=\"false\" \/><\/span> <\/label><\/p>\n<p><label> Telefone (obrigat\u00f3rio):<br \/>\n    <span class=\"wpcf7-form-control-wrap\" data-name=\"your-tel\"><input type=\"tel\" name=\"your-tel\" value=\"\" size=\"40\" class=\"wpcf7-form-control wpcf7-text wpcf7-tel wpcf7-validates-as-required wpcf7-validates-as-tel\" aria-required=\"true\" aria-invalid=\"false\" \/><\/span> <\/label><\/p>\n<p><label> Institui\u00e7\u00e3o (obrigat\u00f3rio):<br \/>\n    <span class=\"wpcf7-form-control-wrap\" data-name=\"your-inst\"><input type=\"text\" name=\"your-inst\" value=\"\" size=\"40\" class=\"wpcf7-form-control wpcf7-text wpcf7-validates-as-required\" aria-required=\"true\" aria-invalid=\"false\" \/><\/span> <\/label><\/p>\n<p><label> Curso (obrigat\u00f3rio):<br \/>\n    <span class=\"wpcf7-form-control-wrap\" data-name=\"curso-textarea\"><input type=\"text\" name=\"curso-textarea\" value=\"\" size=\"40\" class=\"wpcf7-form-control wpcf7-text wpcf7-validates-as-required\" aria-required=\"true\" aria-invalid=\"false\" \/><\/span> <\/label><\/p>\n<p><label>N\u00edvel \/ Escolaridade (obrigat\u00f3rio):<br \/>\n    <span class=\"wpcf7-form-control-wrap\" data-name=\"menu-928\"><select name=\"menu-928\" class=\"wpcf7-form-control wpcf7-select wpcf7-validates-as-required\" aria-required=\"true\" aria-invalid=\"false\"><option value=\"N\u00edvel 2 \u2013 3.\u00ba ciclo do ensino b\u00e1sico\">N\u00edvel 2 \u2013 3.\u00ba ciclo do ensino b\u00e1sico<\/option><option value=\"N\u00edvel 3 \u2013 Ensino secund\u00e1rio\">N\u00edvel 3 \u2013 Ensino secund\u00e1rio<\/option><option value=\"N\u00edvel 4 \u2013 Ensino secund\u00e1rio acrescido de est\u00e1gio profissional \u2013 m\u00ednimo de 6 meses\">N\u00edvel 4 \u2013 Ensino secund\u00e1rio acrescido de est\u00e1gio profissional \u2013 m\u00ednimo de 6 meses<\/option><option value=\"N\u00edvel 5 \u2013 Qualifica\u00e7\u00e3o de n\u00edvel p\u00f3s-secund\u00e1rio n\u00e3o superior\">N\u00edvel 5 \u2013 Qualifica\u00e7\u00e3o de n\u00edvel p\u00f3s-secund\u00e1rio n\u00e3o superior<\/option><option value=\"N\u00edvel 6 \u2013 Licenciatura\">N\u00edvel 6 \u2013 Licenciatura<\/option><option value=\"N\u00edvel 7 \u2013 Mestrado\">N\u00edvel 7 \u2013 Mestrado<\/option><\/select><\/span> <\/label><\/p>\n<\/div>\n<div class=\"uacf7-col-6\">\n<p><label>\u00c1rea de est\u00e1gio a que se candidata (obrigat\u00f3rio):<br \/>\n     <span class=\"wpcf7-form-control-wrap\" data-name=\"menu-601\"><select name=\"menu-601\" class=\"wpcf7-form-control wpcf7-select wpcf7-validates-as-required\" aria-required=\"true\" aria-invalid=\"false\"><option value=\"Comercial\">Comercial<\/option><option value=\"Contrata\u00e7\u00e3o p\u00fablica\">Contrata\u00e7\u00e3o p\u00fablica<\/option><option value=\"Eletricidade\">Eletricidade<\/option><option value=\"Eletr\u00f3nica\">Eletr\u00f3nica<\/option><option value=\"Engenharias e afins\">Engenharias e afins<\/option><option value=\"Financeira\">Financeira<\/option><option value=\"Gest\u00e3o de projetos\">Gest\u00e3o de projetos<\/option><option value=\"Controlo de Qualidade\">Controlo de Qualidade<\/option><option value=\"Manuten\u00e7\u00e3o Industrial\">Manuten\u00e7\u00e3o Industrial<\/option><option value=\"Mec\u00e2nica\">Mechanics<\/option><option value=\"Mecatr\u00f3nica\">Mecatr\u00f3nica<\/option><option value=\"Qualidade, Ambiente e Seguran\u00e7a\">Quality, Environment and Safety<\/option><option value=\"Recursos Humanos\">Human Resources<\/option><option value=\"Soldadura\">Soldadura<\/option><option value=\"Tecnologias de Informa\u00e7\u00e3o\">Tecnologias de Informa\u00e7\u00e3o<\/option><\/select><\/span>  <\/label><\/p>\n<p><label>Per\u00edodo de est\u00e1gio (obrigat\u00f3rio):<br \/>\n     <span class=\"wpcf7-form-control-wrap\" data-name=\"periodo-text\"><input type=\"text\" name=\"periodo-text\" value=\"\" size=\"40\" class=\"wpcf7-form-control wpcf7-text wpcf7-validates-as-required\" aria-required=\"true\" aria-invalid=\"false\" \/><\/span>  <\/label><\/p>\n<p><label> CV em formato PDF ou DOC at\u00e9 5Mbs (obrigat\u00f3rio):<br \/>\n<span class=\"wpcf7-form-control-wrap\" data-name=\"cv\"><input type=\"file\" name=\"cv\" size=\"40\" class=\"wpcf7-form-control wpcf7-file wpcf7-validates-as-required\" accept=\".pdf,.doc,.docx\" aria-required=\"true\" aria-invalid=\"false\" \/><\/span><\/label><\/p>\n<p><span class=\"wpcf7-form-control-wrap\" data-name=\"acceptance-209\"><span class=\"wpcf7-form-control wpcf7-acceptance\"><span class=\"wpcf7-list-item\"><label><input type=\"checkbox\" name=\"acceptance-209\" value=\"1\" aria-invalid=\"false\" \/><span class=\"wpcf7-list-item-label\">Concordo explicitamente com o processamento da informa\u00e7\u00e3o pessoal disponibilizada, incluindo algumas categorias especiais de informa\u00e7\u00e3o pessoal que possa ter sido preenchida ou anexada por mim em documentos, de acordo com o Regulamento Geral sobre a Prote\u00e7\u00e3o de Dados (RGPD), conforme preconizado pelo Regulamento (UE) 2016\/679.<\/span><\/label><\/span><\/span><\/span><span class=\"wpcf7-form-control-wrap\" data-name=\"acceptance-300\"><span class=\"wpcf7-form-control wpcf7-acceptance\"><span class=\"wpcf7-list-item\"><label><input type=\"checkbox\" name=\"acceptance-300\" value=\"1\" aria-invalid=\"false\" \/><span class=\"wpcf7-list-item-label\">Dou permiss\u00e3o \u00e0 Arsenal do Alfeite, S.A para guardar os meus dados durante o per\u00edodo de um ano para fins de est\u00e1gio<\/span><\/label><\/span><\/span><\/span> <input type=\"submit\" value=\"Submit\" class=\"wpcf7-form-control has-spinner wpcf7-submit\" \/> <\/p><\/div>\n<\/div>\n<\/div>\n<div class=\"wpcf7-response-output\" aria-hidden=\"true\"><\/div><input type=\"hidden\" name=\"trp-form-language\" value=\"en_us\"\/><\/form><\/div><\/div><\/div><\/div><\/div><\/div><\/section><section class=\"kc-elm kc-css-661283 kc_row\"><div class=\"kc-row-container  kc-container\"><div class=\"kc-wrap-columns\"><div class=\"kc-elm kc-css-953832 kc_col-sm-12 kc_column kc_col-sm-12\"><div class=\"kc-col-container\"><div class=\"kc-elm kc-css-467722\" style=\"height: 50px; clear: both; width:100%;\"><\/div><\/div><\/div><\/div><\/div><\/section><section class=\"kc-elm kc-css-941696 kc_row\"><div class=\"kc-row-container  kc-container\"><div class=\"kc-wrap-columns\"><div class=\"kc-elm kc-css-262749 kc_column kc_col-sm-12\"><div class=\"kc-col-container\"><\/div><\/div><\/div><\/div><\/section><section class=\"kc-elm kc-css-121214 kc_row\"><div class=\"kc-row-container  kc-container\"><div class=\"kc-wrap-columns\"><div class=\"kc-elm kc-css-941894 kc_col-sm-12 kc_column kc_col-sm-12\"><div class=\"kc-col-container\"><\/div><\/div><\/div><\/div><\/section><\/p>","protected":false},"excerpt":{"rendered":"","protected":false},"author":5,"featured_media":0,"parent":0,"menu_order":0,"comment_status":"closed","ping_status":"closed","template":"kc-template.php","meta":{"footnotes":""},"class_list":["post-3372","page","type-page","status-publish","hentry"],"_links":{"self":[{"href":"https:\/\/www.arsenal-alfeite.pt\/en_us\/wp-json\/wp\/v2\/pages\/3372","targetHints":{"allow":["GET"]}}],"collection":[{"href":"https:\/\/www.arsenal-alfeite.pt\/en_us\/wp-json\/wp\/v2\/pages"}],"about":[{"href":"https:\/\/www.arsenal-alfeite.pt\/en_us\/wp-json\/wp\/v2\/types\/page"}],"author":[{"embeddable":true,"href":"https:\/\/www.arsenal-alfeite.pt\/en_us\/wp-json\/wp\/v2\/users\/5"}],"replies":[{"embeddable":true,"href":"https:\/\/www.arsenal-alfeite.pt\/en_us\/wp-json\/wp\/v2\/comments?post=3372"}],"version-history":[{"count":17,"href":"https:\/\/www.arsenal-alfeite.pt\/en_us\/wp-json\/wp\/v2\/pages\/3372\/revisions"}],"predecessor-version":[{"id":3978,"href":"https:\/\/www.arsenal-alfeite.pt\/en_us\/wp-json\/wp\/v2\/pages\/3372\/revisions\/3978"}],"wp:attachment":[{"href":"https:\/\/www.arsenal-alfeite.pt\/en_us\/wp-json\/wp\/v2\/media?parent=3372"}],"curies":[{"name":"wp","href":"https:\/\/api.w.org\/{rel}","templated":true}]}}