{"id":1856,"date":"2022-06-09T14:13:34","date_gmt":"2022-06-09T14:13:34","guid":{"rendered":"http:\/\/srvvora01\/wordpress\/?page_id=1856"},"modified":"2025-07-29T15:33:06","modified_gmt":"2025-07-29T15:33:06","slug":"informacaofincanceira","status":"publish","type":"page","link":"https:\/\/www.arsenal-alfeite.pt\/en_us\/informacaofincanceira\/","title":{"rendered":"Financial Information"},"content":{"rendered":"<p><section class=\"kc-elm kc-css-844556 kc_row\"><div class=\"kc-row-container  kc-container\"><div class=\"kc-wrap-columns\"><div class=\"kc-elm kc-css-832859 kc_col-of-5 kc_column kc_col-of-5\"><div class=\"kc-col-container\"><div class=\"kc-elm kc-css-901962\" style=\"height: 120px; clear: both; width:100%;\"><\/div>\n<div class=\"kc-elm kc-css-16432\">\n\t<a class=\"kc_button\" href=\"https:\/\/www.arsenal-alfeite.pt\/en_us\/modelo-de-governo\/\" target=\"_self\" title=\"Governance Model\" onclick=\"\">\n\t\t<i class=\"sl-user\"><\/i> Governance Model\t<\/a>\n<\/div>\n<div class=\"kc-elm kc-css-172402\" style=\"height: 120px; clear: both; width:100%;\"><\/div><\/div><\/div><div class=\"kc-elm kc-css-891269 kc_col-of-5 kc_column kc_col-of-5\"><div class=\"kc-col-container\"><div class=\"kc-elm kc-css-282493\" style=\"height: 120px; clear: both; width:100%;\"><\/div>\n<div class=\"kc-elm kc-css-400093\">\n\t<a class=\"kc_button\" href=\"https:\/\/www.arsenal-alfeite.pt\/en_us\/informacaofincanceira\/\" target=\"_self\" title=\"Financial Information\" onclick=\"\">\n\t\t<i class=\"sl-user\"><\/i> Financial Information\t<\/a>\n<\/div>\n<div class=\"kc-elm kc-css-740421\" style=\"height: 120px; clear: both; width:100%;\"><\/div><\/div><\/div><div class=\"kc-elm kc-css-6379 kc_col-of-5 kc_column kc_col-of-5\"><div class=\"kc-col-container\"><div class=\"kc-elm kc-css-486039\" style=\"height: 120px; clear: both; width:100%;\"><\/div>\n<div class=\"kc-elm kc-css-208501\">\n\t<a class=\"kc_button\" href=\"https:\/\/www.arsenal-alfeite.pt\/en_us\/principiosbomgoverno\/\" target=\"_self\" title=\"Principles of Good Governance\" onclick=\"\">\n\t\t<i class=\"sl-user\"><\/i> Principles of Good Governance\t<\/a>\n<\/div>\n<div class=\"kc-elm kc-css-383409\" style=\"height: 120px; clear: both; width:100%;\"><\/div><\/div><\/div><div class=\"kc-elm kc-css-890488 kc_col-of-5 kc_column kc_col-of-5\"><div class=\"kc-col-container\"><div class=\"kc-elm kc-css-759720\" style=\"height: 120px; clear: both; width:100%;\"><\/div>\n<div class=\"kc-elm kc-css-680683\">\n\t<a class=\"kc_button\" href=\"https:\/\/www.arsenal-alfeite.pt\/en_us\/responsabilidade-social\/\" target=\"_self\" title=\"Social Responsability\" onclick=\"\">\n\t\t<i class=\"sl-user\"><\/i> Social Responsability\t<\/a>\n<\/div>\n<div class=\"kc-elm kc-css-677546\" style=\"height: 120px; clear: both; width:100%;\"><\/div><\/div><\/div><div class=\"kc-elm kc-css-488241 kc_col-of-5 kc_column kc_col-of-5\"><div class=\"kc-col-container\"><div class=\"kc-elm kc-css-506639\" style=\"height: 120px; clear: both; width:100%;\"><\/div>\n<div class=\"kc-elm kc-css-84369\">\n\t<a class=\"kc_button\" href=\"https:\/\/www.arsenal-alfeite.pt\/en_us\/comissoes-existentes\/\" target=\"_self\" title=\"Existing Commissions\" onclick=\"\">\n\t\t<i class=\"sl-user\"><\/i> Existing Commissions\t<\/a>\n<\/div>\n<div class=\"kc-elm kc-css-675796\" style=\"height: 120px; clear: both; width:100%;\"><\/div><\/div><\/div><\/div><\/div><\/section><section class=\"kc-elm kc-css-57817 kc_row\"><div class=\"kc-row-container  kc-container\"><div class=\"kc-wrap-columns\"><div class=\"kc-elm kc-css-315295 kc_col-sm-12 kc_column kc_col-sm-12\"><div class=\"kc-col-container\"><div class=\"kc-elm kc-css-928979 kc_row kc_row_inner\"><div class=\"kc-elm kc-css-55170 kc_col-sm-12 kc_column_inner kc_col-sm-12\"><div class=\"kc_wrapper kc-col-inner-container\">\n<div class=\"kc-elm kc-css-44953 kc-title-wrap\">\n\n\t<h1 class=\"kc_title\">Management information<\/h1>\n<\/div>\n<div class=\"kc-elm kc-css-764902\" style=\"height: 20px; clear: both; width:100%;\"><\/div>\n<div class=\"kc-elm kc-css-397128 kc-title-wrap\">\n\n\t<h2 class=\"kc_title\">Last 5 Years<\/h2>\n<\/div>\n<div data-open-on-mouseover=\"\" data-tab-active=\"1\" data-effect-option=\"\" class=\"kc-elm kc-css-315959 kc_tabs group\">\n\t<div class=\"kc_wrapper ui-tabs kc_clearfix\">\n\t\t<ul class=\"kc_tabs_nav ui-tabs-nav kc_clearfix\">\n\t\t\t<li><a href=\"#\" data-prevent=\"scroll\">2025<\/a><\/li><li><a href=\"#\" data-prevent=\"scroll\">2024<\/a><\/li><li><a href=\"#\" data-prevent=\"scroll\">2023<\/a><\/li><li><a href=\"#\" data-prevent=\"scroll\">2022<\/a><\/li><li><a href=\"#\" data-prevent=\"scroll\">2021<\/a><\/li><li><a href=\"#\" data-prevent=\"scroll\">2020<\/a><\/li><li><a href=\"#\" data-prevent=\"scroll\">2019<\/a><\/li><li><a href=\"#\" data-prevent=\"scroll\">2018<\/a><\/li>\t\t<\/ul>\n\t\t<div id=\"2025\" class=\"kc-elm kc-css-5666 kc_tab ui-tabs-panel kc_ui-tabs-hide kc_clearfix\"><div class=\"kc_tab_content\"><div class=\"kc-elm kc-css-431754 kc_text_block\"><\/p>\n<p><a href=\"\/wp-content\/uploads\/2025\/07\/PAO2025-2027_VF_alt1_ABR25.pdf\" target=\"_blank\" rel=\"noopener\">Plano de Atividades e Or\u00e7amento 2025-2027<\/a><\/p>\n<p><a href=\"\/wp-content\/uploads\/2025\/07\/Orcamento_Aprovado_AA_2025.pdf\" target=\"_blank\" rel=\"noopener\">Or\u00e7amento Anual 2025<\/a><\/p>\n<p>\n<\/div><\/div><\/div><div id=\"2024\" class=\"kc-elm kc-css-349724 kc_tab ui-tabs-panel kc_ui-tabs-hide kc_clearfix\"><div class=\"kc_tab_content\"><div class=\"kc-elm kc-css-172728 kc_text_block\"><\/p>\n<p><a href=\"https:\/\/www.arsenal-alfeite.pt\/wp-content\/uploads\/2025\/07\/RC-2024-mai2025_vf1_signed.pdf\" target=\"_blank\" rel=\"noopener\">Relat\u00f3rio e Contas 2024<\/a><\/p>\n<p><a href=\"\/wp-content\/uploads\/2024\/07\/PAO-2024-2026-ass.pdf\" target=\"_blank\" rel=\"noopener\">Plano de Atividades e Or\u00e7amento 2024-2026<\/a><\/p>\n<p><a href=\"\/wp-content\/uploads\/2025\/07\/5838_CompromissosPlurianuais_31-12-2024.pdf\" target=\"_blank\" rel=\"noopener\">Declara\u00e7\u00e3o de compromissos plurianuais existentes em 31\/12\/2024<\/a><\/p>\n<p><a href=\"\/wp-content\/uploads\/2025\/07\/5838_PagamentosAtraso_31-12-2024.pdf\" target=\"_blank\" rel=\"noopener\">Declara\u00e7\u00e3o de pagamentos em atraso existentes em 31\/12\/2024<\/a><\/p>\n<p><a href=\"\/wp-content\/uploads\/2025\/07\/5838_RecebimentosAtraso_31-12-2024.pdf\" target=\"_blank\" rel=\"noopener\">Declara\u00e7\u00e3o de recebimentos em atraso existentes em 31\/12\/2024<\/a><\/p>\n<p>\n<\/div><\/div><\/div><div id=\"2023\" class=\"kc-elm kc-css-324064 kc_tab ui-tabs-panel kc_ui-tabs-hide kc_clearfix\"><div class=\"kc_tab_content\"><div class=\"kc-elm kc-css-130445 kc_text_block\"><\/p>\n<p><a href=\"\/wp-content\/uploads\/2024\/09\/RGS-2023-VF-assinada.pdf\" target=\"_blank\" rel=\"noopener\">Relat\u00f3rio de Governo Societ\u00e1rio 2023<\/a><\/p>\n<p><a href=\"\/wp-content\/uploads\/2024\/07\/RC-2023-VF-assinado.pdf\" target=\"_blank\" rel=\"noopener\">Relat\u00f3rio e Contas 2023<\/a><\/p>\n<p><a href=\"\/wp-content\/uploads\/2024\/07\/PAO-2023-2025-Sem-Investimento.pdf\" target=\"_blank\" rel=\"noopener\">Plano de Atividades e Or\u00e7amento 2023-2025<\/a><\/p>\n<p>\n<\/div><\/div><\/div><div id=\"2022\" class=\"kc-elm kc-css-211890 kc_tab ui-tabs-panel kc_ui-tabs-hide kc_clearfix\"><div class=\"kc_tab_content\"><div class=\"kc-elm kc-css-155134 kc_text_block\"><\/p>\n<p><a href=\"\/wp-content\/uploads\/2024\/02\/RGS2022-VF-assinada.pdf\" target=\"_blank\" rel=\"noopener\">Relat\u00f3rio de Governo Societ\u00e1rio 2022<\/a><\/p>\n<p><a href=\"\/wp-content\/uploads\/2023\/07\/Rel_Contas2022.pdf\" target=\"_blank\" rel=\"noopener\">Relat\u00f3rio e Contas 2022<\/a><\/p>\n<p><a href=\"\/wp-content\/uploads\/2023\/02\/PAO-2022-2024-Reformulado.pdf\" target=\"_blank\" rel=\"noopener\">Plano de Atividades e Or\u00e7amento 2022-2024<\/a><\/p>\n<p>\n<\/div><\/div><\/div><div id=\"2021\" class=\"kc-elm kc-css-891155 kc_tab ui-tabs-panel kc_ui-tabs-hide kc_clearfix\"><div class=\"kc_tab_content\"><div class=\"kc-elm kc-css-146943 kc_text_block\"><\/p>\n<p><a href=\"\/wordpress\/wp-content\/uploads\/2022\/11\/RGS2021-VF-2.pdf\" target=\"_blank\" rel=\"noopener\">Relat\u00f3rio de Governo Societ\u00e1rio 2021 <\/a>(Obs. por motivos de substitui\u00e7\u00e3o do site anterior pelo atual, os links deste documento &#8211; RGS 2021 &#8211; n\u00e3o remetem diretamente para os documentos concretos.)<\/p>\n<p><a href=\"\/wordpress\/wp-content\/uploads\/2022\/10\/Rel_contas2021.pdf\" target=\"_blank\" rel=\"noopener\">Relat\u00f3rio e Contas 2021<\/a><\/p>\n<p><a href=\"\/wp-content\/uploads\/2022\/10\/PAO-2021-2023-AA.pdf\" target=\"_blank\" rel=\"noopener\">Plano de Atividades e Or\u00e7amento 2021-2023<\/a><\/p>\n<p>\n<\/div><\/div><\/div><div id=\"2020\" class=\"kc-elm kc-css-927456 kc_tab ui-tabs-panel kc_ui-tabs-hide kc_clearfix\"><div class=\"kc_tab_content\"><div class=\"kc-elm kc-css-676700 kc_text_block\"><\/p>\n<p><a href=\"\/wordpress\/wp-content\/uploads\/2022\/04\/file268_pt.pdf\" target=\"_blank\" rel=\"noopener\">Corporate Governance Report 2020<\/a><\/p>\n<p><a href=\"\/wordpress\/wp-content\/uploads\/2022\/04\/file267_pt.pdf\" target=\"_blank\" rel=\"noopener\">Report and Accounts 2020<\/a><\/p>\n<p>\n<\/div><\/div><\/div><div id=\"2019\" class=\"kc-elm kc-css-971036 kc_tab ui-tabs-panel kc_ui-tabs-hide kc_clearfix\"><div class=\"kc_tab_content\"><div class=\"kc-elm kc-css-408447 kc_text_block\"><\/p>\n<p><a href=\"\/wordpress\/wp-content\/uploads\/2022\/04\/file240_pt.pdf\" target=\"_blank\" rel=\"noopener\">Corporate Governance Report 2019<\/a><\/p>\n<p><a href=\"\/wordpress\/wp-content\/uploads\/2022\/04\/file241_pt.pdf\" target=\"_blank\" rel=\"noopener\">Report and Accounts 2019<\/a><\/p>\n<p><a href=\"\/wordpress\/wp-content\/uploads\/2022\/04\/file228_pt.pdf\" target=\"_blank\" rel=\"noopener\">Declaration of overdue receipts existing on DEC 31, 2019<\/a><\/p>\n<p><a href=\"\/wordpress\/wp-content\/uploads\/2022\/04\/file229_pt.pdf\" target=\"_blank\" rel=\"noopener\">Declaration of late payments on DEC 31, 2019<\/a><\/p>\n<p>\n<\/div><\/div><\/div><div id=\"2018\" class=\"kc-elm kc-css-581975 kc_tab ui-tabs-panel kc_ui-tabs-hide kc_clearfix\"><div class=\"kc_tab_content\"><div class=\"kc-elm kc-css-319352 kc_text_block\"><\/p>\n<p><a href=\"\/wordpress\/wp-content\/uploads\/2022\/04\/file206_pt.pdf\" target=\"_blank\" rel=\"noopener\">Corporate Governance Report 2018<\/a><\/p>\n<p><a href=\"\/wordpress\/wp-content\/uploads\/2022\/04\/file207_pt.pdf\" target=\"_blank\" rel=\"noopener\">Report and Accounts 2018<\/a><\/p>\n<p>\n<\/div><\/div><\/div>\t<\/div>\n<\/div>\n\n\n<div class=\"kc-elm kc-css-892\" style=\"height: 20px; clear: both; width:100%;\"><\/div>\n<div class=\"kc-elm kc-css-881881 kc-title-wrap\">\n\n\t<h2 class=\"kc_title\">Previous Years<\/h2>\n<\/div>\n<div data-open-on-mouseover=\"\" data-tab-active=\"1\" data-effect-option=\"\" class=\"kc-elm kc-css-257841 kc_tabs group\">\n\t<div class=\"kc_wrapper ui-tabs kc_clearfix\">\n\t\t<ul class=\"kc_tabs_nav ui-tabs-nav kc_clearfix\">\n\t\t\t<li><a href=\"#\" data-prevent=\"scroll\">2017<\/a><\/li><li><a href=\"#\" data-prevent=\"scroll\">2016<\/a><\/li><li><a href=\"#\" data-prevent=\"scroll\">2015<\/a><\/li><li><a href=\"#\" data-prevent=\"scroll\">2014<\/a><\/li><li><a href=\"#\" data-prevent=\"scroll\">2013<\/a><\/li><li><a href=\"#\" data-prevent=\"scroll\">2012<\/a><\/li><li><a href=\"#\" data-prevent=\"scroll\">2011<\/a><\/li><li><a href=\"#\" data-prevent=\"scroll\">2010<\/a><\/li><li><a href=\"#\" data-prevent=\"scroll\">2009<\/a><\/li>\t\t<\/ul>\n\t\t<div id=\"2017\" class=\"kc-elm kc-css-365168 kc_tab ui-tabs-panel kc_ui-tabs-hide kc_clearfix\"><div class=\"kc_tab_content\"><div class=\"kc-elm kc-css-661565 kc_text_block\"><\/p>\n<p><a href=\"\/wordpress\/wp-content\/uploads\/2022\/04\/file201_pt.pdf\" target=\"_blank\" rel=\"noopener\">Corporate Governance Report 2017<\/a><\/p>\n<p><a href=\"\/wordpress\/wp-content\/uploads\/2022\/04\/file202_pt.pdf\" target=\"_blank\" rel=\"noopener\">Report and Accounts 2017<\/a><\/p>\n<p>\n<\/div><\/div><\/div><div id=\"2016\" class=\"kc-elm kc-css-450376 kc_tab ui-tabs-panel kc_ui-tabs-hide kc_clearfix\"><div class=\"kc_tab_content\"><div class=\"kc-elm kc-css-933517 kc_text_block\"><\/p>\n<p><a href=\"\/wordpress\/wp-content\/uploads\/2022\/04\/file195_pt.pdf\" target=\"_blank\" rel=\"noopener\">Corporate Governance Report 2016<\/a><\/p>\n<p><a href=\"\/wordpress\/wp-content\/uploads\/2022\/04\/file196_pt.pdf\" target=\"_blank\" rel=\"noopener\">Report and Accounts 2016<\/a><\/p>\n<p>\n<\/div><\/div><\/div><div id=\"2015\" class=\"kc-elm kc-css-506683 kc_tab ui-tabs-panel kc_ui-tabs-hide kc_clearfix\"><div class=\"kc_tab_content\"><div class=\"kc-elm kc-css-752450 kc_text_block\"><\/p>\n<p><a href=\"\/wordpress\/wp-content\/uploads\/2022\/04\/file170_pt.pdf\" target=\"_blank\" rel=\"noopener\">Debts to Suppliers MAR 31, 2015<\/a><\/p>\n<p><a href=\"\/wordpress\/wp-content\/uploads\/2022\/04\/file177_pt.pdf\" target=\"_blank\" rel=\"noopener\">Debts to Suppliers JUN 30, 2015<\/a><\/p>\n<p><a href=\"\/wordpress\/wp-content\/uploads\/2022\/04\/file182_pt.pdf\" target=\"_blank\" rel=\"noopener\">Debts to Suppliers SEP 30, 2016<\/a><\/p>\n<p><a href=\"\/wordpress\/wp-content\/uploads\/2022\/04\/file183_pt.pdf\" target=\"_blank\" rel=\"noopener\">Debts to Suppliers DEC 31, 2015<\/a><\/p>\n<p><a href=\"\/wordpress\/wp-content\/uploads\/2022\/04\/file187_pt.pdf\" target=\"_blank\" rel=\"noopener\">Corporate Governance Report 2015<\/a><\/p>\n<p><a href=\"\/wordpress\/wp-content\/uploads\/2022\/04\/file189_pt.pdf\" target=\"_blank\" rel=\"noopener\">Report and Accounts 2015<\/a><\/p>\n<p>\n<\/div><\/div><\/div><div id=\"2014\" class=\"kc-elm kc-css-975599 kc_tab ui-tabs-panel kc_ui-tabs-hide kc_clearfix\"><div class=\"kc_tab_content\"><div class=\"kc-elm kc-css-112928 kc_text_block\"><\/p>\n<p><a href=\"\/wordpress\/wp-content\/uploads\/2022\/04\/file159_pt.pdf\" target=\"_blank\" rel=\"noopener\">Debts to Suppliers JUN 30, 2014<\/a><\/p>\n<p><a href=\"\/wordpress\/wp-content\/uploads\/2022\/04\/file160_pt.pdf\" target=\"_blank\" rel=\"noopener\">Debts to Suppliers SEP 30, 2014<\/a><\/p>\n<p><a href=\"\/wordpress\/wp-content\/uploads\/2022\/04\/file168_pt.pdf\" target=\"_blank\" rel=\"noopener\">Debts to Suppliers MAR 31, 2015<\/a><\/p>\n<p><a href=\"\/wordpress\/wp-content\/uploads\/2022\/04\/file175_pt.pdf\" target=\"_blank\" rel=\"noopener\">Corporate Governance Report 2014<\/a><\/p>\n<\/p>\n<p><a href=\"\/wordpress\/wp-content\/uploads\/2022\/04\/file174_pt.pdf\" target=\"_blank\" rel=\"noopener\">Report and Accounts 2014<\/a><\/p>\n<p>\n<\/div><\/div><\/div><div id=\"2013\" class=\"kc-elm kc-css-481560 kc_tab ui-tabs-panel kc_ui-tabs-hide kc_clearfix\"><div class=\"kc_tab_content\"><div class=\"kc-elm kc-css-965338 kc_text_block\"><\/p>\n<p><a href=\"\/wordpress\/wp-content\/uploads\/2022\/04\/file139_pt.pdf\" target=\"_blank\" rel=\"noopener\">Debts to Suppliers SEP 30, 2013<\/a><\/p>\n<p><a href=\"\/wordpress\/wp-content\/uploads\/2022\/04\/file144_pt.pdf\" target=\"_blank\" rel=\"noopener\">Debts to Suppliers DEC 31, 2013<\/a><\/p>\n<p><a href=\"\/wordpress\/wp-content\/uploads\/2022\/04\/file136_pt.pdf\" target=\"_blank\" rel=\"noopener\">Debts to Suppliers JUN 30, 2013<\/a><\/p>\n<p><a href=\"\/wordpress\/wp-content\/uploads\/2022\/04\/file127_pt.pdf\" target=\"_blank\" rel=\"noopener\">Debts to Suppliers MAR 31, 2013<\/a><\/p>\n<p><a href=\"\/wordpress\/wp-content\/uploads\/2022\/04\/file158_pt.pdf\" target=\"_blank\" rel=\"noopener\">Corporate Governance Report 2013<\/a><\/p>\n<p><a href=\"\/wordpress\/wp-content\/uploads\/2022\/04\/file157_pt.pdf\" target=\"_blank\" rel=\"noopener\">Report and Accounts 2013<\/a><\/p>\n<p>\n<\/div><\/div><\/div><div id=\"2012\" class=\"kc-elm kc-css-181407 kc_tab ui-tabs-panel kc_ui-tabs-hide kc_clearfix\"><div class=\"kc_tab_content\"><div class=\"kc-elm kc-css-18842 kc_text_block\"><\/p>\n<p><a href=\"\/wordpress\/wp-content\/uploads\/2022\/04\/file122_pt.pdf\" target=\"_blank\" rel=\"noopener\">Debts to Suppliers DEC 31 2012<\/a><\/p>\n<p><a href=\"\/wordpress\/wp-content\/uploads\/2022\/04\/file121_pt.pdf\" target=\"_blank\" rel=\"noopener\">Debts to Suppliers SEP 30, 2012<\/a><\/p>\n<p><a href=\"\/wordpress\/wp-content\/uploads\/2022\/04\/file107_pt.pdf\" target=\"_blank\" rel=\"noopener\">Debts to Suppliers JUN 30, 2012<\/a><\/p>\n<p><a href=\"\/wordpress\/wp-content\/uploads\/2022\/04\/file125_pt.pdf\" target=\"_blank\" rel=\"noopener\">Corporate Governance Report 2012<\/a><\/p>\n<p><a href=\"\/wordpress\/wp-content\/uploads\/2022\/04\/file124_pt.pdf\" target=\"_blank\" rel=\"noopener\">Report and Accounts 2012<\/a><\/p>\n<p>\n<\/div><\/div><\/div><div id=\"2011\" class=\"kc-elm kc-css-477830 kc_tab ui-tabs-panel kc_ui-tabs-hide kc_clearfix\"><div class=\"kc_tab_content\"><div class=\"kc-elm kc-css-622726 kc_text_block\"><\/p>\n<p><a href=\"\/wordpress\/wp-content\/uploads\/2022\/04\/file120_pt.pdf\" target=\"_blank\" rel=\"noopener\">Debts to Suppliers DEC 31, 2011<\/a><\/p>\n<p><a href=\"\/wordpress\/wp-content\/uploads\/2022\/04\/file119_pt.pdf\" target=\"_blank\" rel=\"noopener\">Debts to Suppliers 30 SEP 2011<\/a><\/p>\n<p><a href=\"\/wordpress\/wp-content\/uploads\/2022\/04\/file51_pt.pdf\" target=\"_blank\" rel=\"noopener\">Debts to Suppliers JUN 30, 2011<\/a><\/p>\n<p><a href=\"\/wordpress\/wp-content\/uploads\/2022\/04\/file100_pt.pdf\" target=\"_blank\" rel=\"noopener\">Corporate Governance Report 2011<\/a><\/p>\n<p><a href=\"\/wordpress\/wp-content\/uploads\/2022\/04\/file79_pt.pdf\" target=\"_blank\" rel=\"noopener\">Report and Accounts 2011<\/a><\/p>\n<p><a href=\"\/wordpress\/wp-content\/uploads\/2022\/04\/file98_pt.pdf\" target=\"_blank\" rel=\"noopener\">Declaration of late payments on DEC 31, 2011<\/a><\/p>\n<p><a href=\"\/wordpress\/wp-content\/uploads\/2022\/04\/file99_pt.pdf\" target=\"_blank\" rel=\"noopener\">Declaration of overdue receipts existing on DEC 31, 2011<\/a><\/p>\n<\/p>\n<p>\n<\/div><\/div><\/div><div id=\"2010\" class=\"kc-elm kc-css-849744 kc_tab ui-tabs-panel kc_ui-tabs-hide kc_clearfix\"><div class=\"kc_tab_content\"><div class=\"kc-elm kc-css-29692 kc_text_block\"><\/p>\n<p><a href=\"\/wordpress\/wp-content\/uploads\/2022\/04\/file50_pt.pdf\" target=\"_blank\" rel=\"noopener\">Debts to Suppliers DEC 31, 2010<\/a><\/p>\n<p><a href=\"\/wordpress\/wp-content\/uploads\/2022\/04\/file29_pt.pdf\" target=\"_blank\" rel=\"noopener\">Report and Accounts 2010<\/a><\/p>\n<\/p>\n<p>\n<\/div><\/div><\/div><div id=\"2009\" class=\"kc-elm kc-css-980807 kc_tab ui-tabs-panel kc_ui-tabs-hide kc_clearfix\"><div class=\"kc_tab_content\"><div class=\"kc-elm kc-css-60609 kc_text_block\"><\/p>\n<p><a href=\"\/wordpress\/wp-content\/uploads\/2022\/04\/file57_pt.pdf\" target=\"_blank\" rel=\"noopener\">Corporate Governance Report 2009<\/a><\/p>\n<p><a href=\"\/wordpress\/wp-content\/uploads\/2022\/04\/file28_pt.pdf\" target=\"_blank\" rel=\"noopener\">Report and Accounts 2009<\/a><\/p>\n<\/p>\n<p>\n<\/div><\/div><\/div>\t<\/div>\n<\/div>\n\n\n<\/div><\/div><\/div><div class=\"kc-elm kc-css-332441\" style=\"height: 200px; clear: both; width:100%;\"><\/div><\/div><\/div><\/div><\/div><\/section><\/p>","protected":false},"excerpt":{"rendered":"","protected":false},"author":5,"featured_media":0,"parent":0,"menu_order":0,"comment_status":"closed","ping_status":"closed","template":"kc-template.php","meta":{"footnotes":""},"class_list":["post-1856","page","type-page","status-publish","hentry"],"_links":{"self":[{"href":"https:\/\/www.arsenal-alfeite.pt\/en_us\/wp-json\/wp\/v2\/pages\/1856","targetHints":{"allow":["GET"]}}],"collection":[{"href":"https:\/\/www.arsenal-alfeite.pt\/en_us\/wp-json\/wp\/v2\/pages"}],"about":[{"href":"https:\/\/www.arsenal-alfeite.pt\/en_us\/wp-json\/wp\/v2\/types\/page"}],"author":[{"embeddable":true,"href":"https:\/\/www.arsenal-alfeite.pt\/en_us\/wp-json\/wp\/v2\/users\/5"}],"replies":[{"embeddable":true,"href":"https:\/\/www.arsenal-alfeite.pt\/en_us\/wp-json\/wp\/v2\/comments?post=1856"}],"version-history":[{"count":68,"href":"https:\/\/www.arsenal-alfeite.pt\/en_us\/wp-json\/wp\/v2\/pages\/1856\/revisions"}],"predecessor-version":[{"id":5783,"href":"https:\/\/www.arsenal-alfeite.pt\/en_us\/wp-json\/wp\/v2\/pages\/1856\/revisions\/5783"}],"wp:attachment":[{"href":"https:\/\/www.arsenal-alfeite.pt\/en_us\/wp-json\/wp\/v2\/media?parent=1856"}],"curies":[{"name":"wp","href":"https:\/\/api.w.org\/{rel}","templated":true}]}}