{"id":1839,"date":"2022-06-09T13:16:35","date_gmt":"2022-06-09T13:16:35","guid":{"rendered":"http:\/\/srvvora01\/wordpress\/?page_id=1839"},"modified":"2022-11-15T12:44:05","modified_gmt":"2022-11-15T12:44:05","slug":"projetos-europeus","status":"publish","type":"page","link":"https:\/\/www.arsenal-alfeite.pt\/en_us\/projetos-europeus\/","title":{"rendered":"Projetos Europeus"},"content":{"rendered":"<p><section class=\"kc-elm kc-css-969353 kc_row\"><div class=\"kc-row-container  kc-container\"><div class=\"kc-wrap-columns\"><div class=\"kc-elm kc-css-438073 kc_col-sm-3 kc_column kc_col-sm-3\"><div class=\"kc-col-container\"><div class=\"kc-elm kc-css-933432\" style=\"height: 120px; clear: both; width:100%;\"><\/div>\n<div class=\"kc-elm kc-css-342603\">\n\t<a class=\"kc_button\" href=\"\/en_us\/estudos-e-projetos\/\" target=\"_self\" title=\"Studies and Projects\" onclick=\"\">\n\t\t<i class=\"sl-user\"><\/i> Studies and Projects\t<\/a>\n<\/div>\n<div class=\"kc-elm kc-css-451520\" style=\"height: 120px; clear: both; width:100%;\"><\/div><\/div><\/div><div class=\"kc-elm kc-css-481831 kc_col-sm-3 kc_column kc_col-sm-3\"><div class=\"kc-col-container\"><div class=\"kc-elm kc-css-993016\" style=\"height: 120px; clear: both; width:100%;\"><\/div>\n<div class=\"kc-elm kc-css-616984\">\n\t<a class=\"kc_button\" href=\"https:\/\/www.arsenal-alfeite.pt\/en_us\/projetos-a-relevar\/\" target=\"_self\" title=\"Projetos a Relevar\" onclick=\"\">\n\t\t<i class=\"sl-user\"><\/i> Projetos a Relevar\t<\/a>\n<\/div>\n<div class=\"kc-elm kc-css-804413\" style=\"height: 120px; clear: both; width:100%;\"><\/div><\/div><\/div><div class=\"kc-elm kc-css-560771 kc_col-sm-3 kc_column kc_col-sm-3\"><div class=\"kc-col-container\"><div class=\"kc-elm kc-css-242319\" style=\"height: 120px; clear: both; width:100%;\"><\/div>\n<div class=\"kc-elm kc-css-281221\">\n\t<a class=\"kc_button\" href=\"https:\/\/www.arsenal-alfeite.pt\/en_us\/novos-projetos\/\" target=\"_self\" title=\"Novos Projetos\" onclick=\"\">\n\t\t<i class=\"sl-user\"><\/i> Novos Projetos\t<\/a>\n<\/div>\n<div class=\"kc-elm kc-css-688854\" style=\"height: 120px; clear: both; width:100%;\"><\/div><\/div><\/div><div class=\"kc-elm kc-css-31647 kc_col-sm-3 kc_column kc_col-sm-3\"><div class=\"kc-col-container\"><div class=\"kc-elm kc-css-284710\" style=\"height: 120px; clear: both; width:100%;\"><\/div>\n<div class=\"kc-elm kc-css-418957\">\n\t<a class=\"kc_button\" href=\"#\" onclick=\"\">\n\t\t<i class=\"sl-user\"><\/i> Projetos Europeus\t<\/a>\n<\/div>\n<div class=\"kc-elm kc-css-13211\" style=\"height: 120px; clear: both; width:100%;\"><\/div><\/div><\/div><\/div><\/div><\/section><section class=\"kc-elm kc-css-589161 kc_row\"><div class=\"kc-row-container  kc-container\"><div class=\"kc-wrap-columns\"><div class=\"kc-elm kc-css-828453 kc_col-sm-12 kc_column kc_col-sm-12\"><div class=\"kc-col-container\"><div class=\"kc-elm kc-css-463276 kc_row kc_row_inner\"><div class=\"kc-elm kc-css-119756 kc_col-sm-12 kc_column_inner kc_col-sm-12\"><div class=\"kc_wrapper kc-col-inner-container\"><div class=\"kc-elm kc-css-181239\" style=\"height: 120px; clear: both; width:100%;\"><\/div>\n<div class=\"kc-elm kc-css-787614 kc-title-wrap\">\n\n\t<h3 class=\"kc_title\">Projetos Europeus<\/h3>\n<\/div>\n<div class=\"kc-elm kc-css-726597\" style=\"height: 40px; clear: both; width:100%;\"><\/div><div class=\"kc-elm kc-css-937928 kc_text_block\"><\/p>\n<p><strong>Plataforma Virtual de colabora\u00e7\u00e3o. A plataforma j\u00e1 se encontra em testes em alguns estaleiros nacionais e gabinetes de arquitectura naval.<\/strong><\/p>\n<ul>\n<li><strong><u>Objectivo do Projecto Eurovip:<\/u><\/strong><br \/>Melhorar a posi\u00e7\u00e3o competitiva das PME\u2019s europeias relacionadas com a ind\u00fastria mar\u00edtima atrav\u00e9s da cria\u00e7\u00e3o de parcerias efectivas de colabora\u00e7\u00e3o e coordena\u00e7\u00e3o, com vista \u00e0 partilha de tecnologia, servi\u00e7os e informa\u00e7\u00f5es sobre avan\u00e7os tecnol\u00f3gicos e inova\u00e7\u00f5es da ind\u00fastria e universidades.<\/li>\n<\/ul>\n<p>\n<\/div><div class=\"kc-elm kc-css-606102\" style=\"height: 20px; clear: both; width:100%;\"><\/div>\n\t<div class=\"kc-elm kc-css-793461 kc_shortcode kc_video_play kc_video_wrapper\" data-video=\"https:\/\/www.youtube.com\/watch?v=0ylgyY6iS2Q\" data-width=\"600\" data-height=\"338.98305084746\" data-fullwidth=\"\" data-autoplay=\"\" data-loop=\"\" data-control=\"yes\" data-related=\"\" data-showinfo=\"yes\" data-kc-video-mute=\"\">\n\t\t\t<\/div>\n\n<div class=\"kc-elm kc-css-311021\" style=\"height: 80px; clear: both; width:100%;\"><\/div><\/div><\/div><\/div><\/div><\/div><\/div><\/div><\/section><\/p>","protected":false},"excerpt":{"rendered":"","protected":false},"author":5,"featured_media":0,"parent":0,"menu_order":0,"comment_status":"closed","ping_status":"closed","template":"kc-template.php","meta":{"footnotes":""},"class_list":["post-1839","page","type-page","status-publish","hentry"],"_links":{"self":[{"href":"https:\/\/www.arsenal-alfeite.pt\/en_us\/wp-json\/wp\/v2\/pages\/1839","targetHints":{"allow":["GET"]}}],"collection":[{"href":"https:\/\/www.arsenal-alfeite.pt\/en_us\/wp-json\/wp\/v2\/pages"}],"about":[{"href":"https:\/\/www.arsenal-alfeite.pt\/en_us\/wp-json\/wp\/v2\/types\/page"}],"author":[{"embeddable":true,"href":"https:\/\/www.arsenal-alfeite.pt\/en_us\/wp-json\/wp\/v2\/users\/5"}],"replies":[{"embeddable":true,"href":"https:\/\/www.arsenal-alfeite.pt\/en_us\/wp-json\/wp\/v2\/comments?post=1839"}],"version-history":[{"count":6,"href":"https:\/\/www.arsenal-alfeite.pt\/en_us\/wp-json\/wp\/v2\/pages\/1839\/revisions"}],"predecessor-version":[{"id":3259,"href":"https:\/\/www.arsenal-alfeite.pt\/en_us\/wp-json\/wp\/v2\/pages\/1839\/revisions\/3259"}],"wp:attachment":[{"href":"https:\/\/www.arsenal-alfeite.pt\/en_us\/wp-json\/wp\/v2\/media?parent=1839"}],"curies":[{"name":"wp","href":"https:\/\/api.w.org\/{rel}","templated":true}]}}