{"id":1835,"date":"2022-06-09T13:15:04","date_gmt":"2022-06-09T13:15:04","guid":{"rendered":"http:\/\/srvvora01\/wordpress\/?page_id=1835"},"modified":"2022-11-15T12:37:34","modified_gmt":"2022-11-15T12:37:34","slug":"novos-projetos","status":"publish","type":"page","link":"https:\/\/www.arsenal-alfeite.pt\/en_us\/novos-projetos\/","title":{"rendered":"Novos Projetos"},"content":{"rendered":"<p><section class=\"kc-elm kc-css-951617 kc_row\"><div class=\"kc-row-container  kc-container\"><div class=\"kc-wrap-columns\"><div class=\"kc-elm kc-css-17179 kc_col-sm-3 kc_column kc_col-sm-3\"><div class=\"kc-col-container\"><div class=\"kc-elm kc-css-669611\" style=\"height: 120px; clear: both; width:100%;\"><\/div>\n<div class=\"kc-elm kc-css-688989\">\n\t<a class=\"kc_button\" href=\"\/en_us\/estudos-e-projetos\/\" target=\"_self\" title=\"Studies and Projects\" onclick=\"\">\n\t\t<i class=\"sl-user\"><\/i> Studies and Projects\t<\/a>\n<\/div>\n<div class=\"kc-elm kc-css-370325\" style=\"height: 120px; clear: both; width:100%;\"><\/div><\/div><\/div><div class=\"kc-elm kc-css-754830 kc_col-sm-3 kc_column kc_col-sm-3\"><div class=\"kc-col-container\"><div class=\"kc-elm kc-css-827114\" style=\"height: 120px; clear: both; width:100%;\"><\/div>\n<div class=\"kc-elm kc-css-828758\">\n\t<a class=\"kc_button\" href=\"\/\/projetos-a-relevar\/\" target=\"_self\" title=\"Projetos a Relevar\" onclick=\"\">\n\t\t<i class=\"sl-user\"><\/i> Projetos a Relevar\t<\/a>\n<\/div>\n<div class=\"kc-elm kc-css-581251\" style=\"height: 120px; clear: both; width:100%;\"><\/div><\/div><\/div><div class=\"kc-elm kc-css-50555 kc_col-sm-3 kc_column kc_col-sm-3\"><div class=\"kc-col-container\"><div class=\"kc-elm kc-css-7355\" style=\"height: 120px; clear: both; width:100%;\"><\/div>\n<div class=\"kc-elm kc-css-743582\">\n\t<a class=\"kc_button\" href=\"#\" onclick=\"\">\n\t\t<i class=\"sl-user\"><\/i> Novos Projetos\t<\/a>\n<\/div>\n<div class=\"kc-elm kc-css-532979\" style=\"height: 120px; clear: both; width:100%;\"><\/div><\/div><\/div><div class=\"kc-elm kc-css-702784 kc_col-sm-3 kc_column kc_col-sm-3\"><div class=\"kc-col-container\"><div class=\"kc-elm kc-css-256883\" style=\"height: 120px; clear: both; width:100%;\"><\/div>\n<div class=\"kc-elm kc-css-326460\">\n\t<a class=\"kc_button\" href=\"https:\/\/www.arsenal-alfeite.pt\/en_us\/projetos-europeus\/\" target=\"_self\" title=\"Projetos Europeus\" onclick=\"\">\n\t\t<i class=\"sl-user\"><\/i> Projetos Europeus\t<\/a>\n<\/div>\n<div class=\"kc-elm kc-css-206153\" style=\"height: 120px; clear: both; width:100%;\"><\/div><\/div><\/div><\/div><\/div><\/section><section class=\"kc-elm kc-css-759434 kc_row\"><div class=\"kc-row-container  kc-container\"><div class=\"kc-wrap-columns\"><div class=\"kc-elm kc-css-885930 kc_col-sm-12 kc_column kc_col-sm-12\"><div class=\"kc-col-container\"><div class=\"kc-elm kc-css-463001 kc_row kc_row_inner\"><div class=\"kc-elm kc-css-466984 kc_col-sm-12 kc_column_inner kc_col-sm-12\"><div class=\"kc_wrapper kc-col-inner-container\"><!-- START PORTFOLIO -->\n<section id=\"portfolio\" class=\"special_package section-padding\">\n\t<div class=\"container-fluid\">\t\t\t\t\t\n\t\t<div class=\"row text-center\">\n\t\t\t<div class=\"section-title\">\n\t\t\t\t<h1>Novos Projetos<\/h1>\n\t\t\t\t<div class=\"icon_wrap\"><i class=\"ti-crown\"><\/i><\/div>\n\t\t\t\t<p>Navios e Lanchas<\/p>\n\t\t\t<\/div>\t\n\t\t\t\n\t\t\t\t\t\t\t\t\t\n\t\t\t\t\t\t<div class=\"col-lg-3 col-sm-6 col-xs-12 no-padding\">\n\t\t\t\t\t\t\t<div class=\"box\">\n\t\t\t\t\t\t\t\t<img loading=\"lazy\" decoding=\"async\" width=\"463\" height=\"309\" src=\"https:\/\/www.arsenal-alfeite.pt\/wp-content\/uploads\/2022\/04\/submarinho.jpg\" class=\"img-responsive wp-post-image\" alt=\"\" \/>\t\t\t\t\t\t\t\t<div class=\"box-content\">\n\t\t\t\t\t\t\t\t\t<h3 class=\"title\">Placeholder<\/h3>\n\t\t\t\t\t\t\t\t\t<div class=\"title_des\"><p class=\"popmake-666\">Clique aqui para ver caracter\u00edsticas<\/p>\n<\/div>\n\t\t\t\t\t\t\t\t\t<a href=\"https:\/\/www.arsenal-alfeite.pt\/wp-content\/uploads\/2022\/04\/submarinho.jpg\" class=\"port_icon\"><i class=\"ti-zoom-in\"><\/i><\/a>\n\t\t\t\t\t\t\t\t<\/div>\n\t\t\t\t\t\t\t<\/div>\n\t\t\t\t\t\t<\/div><!-- END COL -->\t\t\n\t\t\t\t\t\t\n\t\t\t\t\t\t\t\t\t\t\t\t\n\t\t\t\t\t\t<div class=\"col-lg-3 col-sm-6 col-xs-12 no-padding\">\n\t\t\t\t\t\t\t<div class=\"box\">\n\t\t\t\t\t\t\t\t<img loading=\"lazy\" decoding=\"async\" width=\"463\" height=\"309\" src=\"https:\/\/www.arsenal-alfeite.pt\/wp-content\/uploads\/2022\/04\/submarinho.jpg\" class=\"img-responsive wp-post-image\" alt=\"\" \/>\t\t\t\t\t\t\t\t<div class=\"box-content\">\n\t\t\t\t\t\t\t\t\t<h3 class=\"title\">Placeholder<\/h3>\n\t\t\t\t\t\t\t\t\t<div class=\"title_des\"><p class=\"popmake-666\">Clique aqui para ver caracter\u00edsticas<\/p>\n<\/div>\n\t\t\t\t\t\t\t\t\t<a href=\"https:\/\/www.arsenal-alfeite.pt\/wp-content\/uploads\/2022\/04\/submarinho.jpg\" class=\"port_icon\"><i class=\"ti-zoom-in\"><\/i><\/a>\n\t\t\t\t\t\t\t\t<\/div>\n\t\t\t\t\t\t\t<\/div>\n\t\t\t\t\t\t<\/div><!-- END COL -->\t\t\n\t\t\t\t\t\t\n\t\t\t\t\t\t\t\t\t\t\t\t\n\t\t\t\t\t\t<div class=\"col-lg-3 col-sm-6 col-xs-12 no-padding\">\n\t\t\t\t\t\t\t<div class=\"box\">\n\t\t\t\t\t\t\t\t<img loading=\"lazy\" decoding=\"async\" width=\"463\" height=\"309\" src=\"https:\/\/www.arsenal-alfeite.pt\/wp-content\/uploads\/2022\/04\/submarinho.jpg\" class=\"img-responsive wp-post-image\" alt=\"\" \/>\t\t\t\t\t\t\t\t<div class=\"box-content\">\n\t\t\t\t\t\t\t\t\t<h3 class=\"title\">Fragata D. Fernando II e Gl\u00f3ria<\/h3>\n\t\t\t\t\t\t\t\t\t<div class=\"title_des\"><p class=\"popmake-663\">Clique aqui para ver caracter\u00edsticas<\/p>\n<\/div>\n\t\t\t\t\t\t\t\t\t<a href=\"https:\/\/www.arsenal-alfeite.pt\/wp-content\/uploads\/2022\/04\/submarinho.jpg\" class=\"port_icon\"><i class=\"ti-zoom-in\"><\/i><\/a>\n\t\t\t\t\t\t\t\t<\/div>\n\t\t\t\t\t\t\t<\/div>\n\t\t\t\t\t\t<\/div><!-- END COL -->\t\t\n\t\t\t\t\t\t\n\t\t\t\t\t\t\t\t\t\t\t\t\n\t\t\t\t\t\t<div class=\"col-lg-3 col-sm-6 col-xs-12 no-padding\">\n\t\t\t\t\t\t\t<div class=\"box\">\n\t\t\t\t\t\t\t\t<img loading=\"lazy\" decoding=\"async\" width=\"463\" height=\"309\" src=\"https:\/\/www.arsenal-alfeite.pt\/wp-content\/uploads\/2022\/04\/submarinho.jpg\" class=\"img-responsive wp-post-image\" alt=\"\" \/>\t\t\t\t\t\t\t\t<div class=\"box-content\">\n\t\t\t\t\t\t\t\t\t<h3 class=\"title\">Ferry Passageiros<\/h3>\n\t\t\t\t\t\t\t\t\t<div class=\"title_des\"><p class=\"popmake-661\">Clique aqui para ver caracter\u00edsticas<\/p>\n<\/div>\n\t\t\t\t\t\t\t\t\t<a href=\"https:\/\/www.arsenal-alfeite.pt\/wp-content\/uploads\/2022\/04\/submarinho.jpg\" class=\"port_icon\"><i class=\"ti-zoom-in\"><\/i><\/a>\n\t\t\t\t\t\t\t\t<\/div>\n\t\t\t\t\t\t\t<\/div>\n\t\t\t\t\t\t<\/div><!-- END COL -->\t\t\n\t\t\t\t\t\t\n\t\t\t\t\t\t\t\t\t\t\t\t\n\t\t\t\t\t\t<div class=\"col-lg-3 col-sm-6 col-xs-12 no-padding\">\n\t\t\t\t\t\t\t<div class=\"box\">\n\t\t\t\t\t\t\t\t<img loading=\"lazy\" decoding=\"async\" width=\"463\" height=\"309\" src=\"https:\/\/www.arsenal-alfeite.pt\/wp-content\/uploads\/2022\/04\/submarinho.jpg\" class=\"img-responsive wp-post-image\" alt=\"\" \/>\t\t\t\t\t\t\t\t<div class=\"box-content\">\n\t\t\t\t\t\t\t\t\t<h3 class=\"title\">Navio Hidro-Oceanogr\u00e1fico<\/h3>\n\t\t\t\t\t\t\t\t\t<div class=\"title_des\"><p class=\"popmake-659\">Clique aqui para ver caracter\u00edsticas<\/p>\n<\/div>\n\t\t\t\t\t\t\t\t\t<a href=\"https:\/\/www.arsenal-alfeite.pt\/wp-content\/uploads\/2022\/04\/submarinho.jpg\" class=\"port_icon\"><i class=\"ti-zoom-in\"><\/i><\/a>\n\t\t\t\t\t\t\t\t<\/div>\n\t\t\t\t\t\t\t<\/div>\n\t\t\t\t\t\t<\/div><!-- END COL -->\t\t\n\t\t\t\t\t\t\n\t\t\t\t\t\t\t\t\t\t\t\t\n\t\t\t\t\t\t<div class=\"col-lg-3 col-sm-6 col-xs-12 no-padding\">\n\t\t\t\t\t\t\t<div class=\"box\">\n\t\t\t\t\t\t\t\t<img loading=\"lazy\" decoding=\"async\" width=\"463\" height=\"309\" src=\"https:\/\/www.arsenal-alfeite.pt\/wp-content\/uploads\/2022\/04\/submarinho.jpg\" class=\"img-responsive wp-post-image\" alt=\"\" \/>\t\t\t\t\t\t\t\t<div class=\"box-content\">\n\t\t\t\t\t\t\t\t\t<h3 class=\"title\">Lanchas para a DGAM &#8211; Classe &#8220;Bolina&#8221;<\/h3>\n\t\t\t\t\t\t\t\t\t<div class=\"title_des\"><p class=\"popmake-656\">Clique aqui para ver caracter\u00edsticas<\/p>\n<\/div>\n\t\t\t\t\t\t\t\t\t<a href=\"https:\/\/www.arsenal-alfeite.pt\/wp-content\/uploads\/2022\/04\/submarinho.jpg\" class=\"port_icon\"><i class=\"ti-zoom-in\"><\/i><\/a>\n\t\t\t\t\t\t\t\t<\/div>\n\t\t\t\t\t\t\t<\/div>\n\t\t\t\t\t\t<\/div><!-- END COL -->\t\t\n\t\t\t\t\t\t\n\t\t\t\t\t\t\t\t\t\t\t\t\n\t\t\t\t\t\t<div class=\"col-lg-3 col-sm-6 col-xs-12 no-padding\">\n\t\t\t\t\t\t\t<div class=\"box\">\n\t\t\t\t\t\t\t\t<img loading=\"lazy\" decoding=\"async\" width=\"463\" height=\"309\" src=\"https:\/\/www.arsenal-alfeite.pt\/wp-content\/uploads\/2022\/04\/submarinho.jpg\" class=\"img-responsive wp-post-image\" alt=\"\" \/>\t\t\t\t\t\t\t\t<div class=\"box-content\">\n\t\t\t\t\t\t\t\t\t<h3 class=\"title\">Lanchas Fiscaliza\u00e7\u00e3o R\u00e1pidas Classe &#8220;Centauro&#8221;<\/h3>\n\t\t\t\t\t\t\t\t\t<div class=\"title_des\"><p class=\"popmake-652\">Clique aqui para ver caracter\u00edsticas<\/p>\n<\/div>\n\t\t\t\t\t\t\t\t\t<a href=\"https:\/\/www.arsenal-alfeite.pt\/wp-content\/uploads\/2022\/04\/submarinho.jpg\" class=\"port_icon\"><i class=\"ti-zoom-in\"><\/i><\/a>\n\t\t\t\t\t\t\t\t<\/div>\n\t\t\t\t\t\t\t<\/div>\n\t\t\t\t\t\t<\/div><!-- END COL -->\t\t\n\t\t\t\t\t\t\n\t\t\t\t\t\t\t\t\t\t\t\t\n\t\t\t\t\t\t<div class=\"col-lg-3 col-sm-6 col-xs-12 no-padding\">\n\t\t\t\t\t\t\t<div class=\"box\">\n\t\t\t\t\t\t\t\t<img loading=\"lazy\" decoding=\"async\" width=\"463\" height=\"309\" src=\"https:\/\/www.arsenal-alfeite.pt\/wp-content\/uploads\/2022\/04\/submarinho.jpg\" class=\"img-responsive wp-post-image\" alt=\"\" \/>\t\t\t\t\t\t\t\t<div class=\"box-content\">\n\t\t\t\t\t\t\t\t\t<h3 class=\"title\">Lanchas Salva-Vidas \u2013 Classe \u201cVigilante\u201d<\/h3>\n\t\t\t\t\t\t\t\t\t<div class=\"title_des\"><p class=\"popmake-645\">Clique aqui para ver caracter\u00edsticas<\/p>\n<\/div>\n\t\t\t\t\t\t\t\t\t<a href=\"https:\/\/www.arsenal-alfeite.pt\/wp-content\/uploads\/2022\/04\/submarinho.jpg\" class=\"port_icon\"><i class=\"ti-zoom-in\"><\/i><\/a>\n\t\t\t\t\t\t\t\t<\/div>\n\t\t\t\t\t\t\t<\/div>\n\t\t\t\t\t\t<\/div><!-- END COL -->\t\t\n\t\t\t\t\t\t\n\t\t\t\t\t\t\n\t\t\t\t\t\t\n\t\t<\/div><!-- END ROW -->\n\t\t\n\t\t\t\t\t<div class=\"row\">\n\t\t\t\t<div class=\"col-lg-12 text-center\">\n\t\t\t\t\t<div class=\"works_btn\">\n\t\t\t\t\t\t<a  class=\"learn_btn\" href=\"#\">Mais Barcos <i class=\"fa fa-arrow-right\"><\/i><\/a>\n\t\t\t\t\t<\/div>\n\t\t\t\t<\/div>\n\t\t\t<\/div>\n\t\t\t<\/div><!-- END CONTAINER -->\n<\/section>\n<!-- END PORTFOLIO -->\t\n\n<div class=\"kc-elm kc-css-530569\" style=\"height: 80px; clear: both; width:100%;\"><\/div><\/div><\/div><\/div><\/div><\/div><\/div><\/div><\/section><\/p>","protected":false},"excerpt":{"rendered":"","protected":false},"author":5,"featured_media":0,"parent":0,"menu_order":0,"comment_status":"closed","ping_status":"closed","template":"kc-template.php","meta":{"footnotes":""},"class_list":["post-1835","page","type-page","status-publish","hentry"],"_links":{"self":[{"href":"https:\/\/www.arsenal-alfeite.pt\/en_us\/wp-json\/wp\/v2\/pages\/1835","targetHints":{"allow":["GET"]}}],"collection":[{"href":"https:\/\/www.arsenal-alfeite.pt\/en_us\/wp-json\/wp\/v2\/pages"}],"about":[{"href":"https:\/\/www.arsenal-alfeite.pt\/en_us\/wp-json\/wp\/v2\/types\/page"}],"author":[{"embeddable":true,"href":"https:\/\/www.arsenal-alfeite.pt\/en_us\/wp-json\/wp\/v2\/users\/5"}],"replies":[{"embeddable":true,"href":"https:\/\/www.arsenal-alfeite.pt\/en_us\/wp-json\/wp\/v2\/comments?post=1835"}],"version-history":[{"count":4,"href":"https:\/\/www.arsenal-alfeite.pt\/en_us\/wp-json\/wp\/v2\/pages\/1835\/revisions"}],"predecessor-version":[{"id":3254,"href":"https:\/\/www.arsenal-alfeite.pt\/en_us\/wp-json\/wp\/v2\/pages\/1835\/revisions\/3254"}],"wp:attachment":[{"href":"https:\/\/www.arsenal-alfeite.pt\/en_us\/wp-json\/wp\/v2\/media?parent=1835"}],"curies":[{"name":"wp","href":"https:\/\/api.w.org\/{rel}","templated":true}]}}