{"id":1747,"date":"2022-06-09T08:50:24","date_gmt":"2022-06-09T08:50:24","guid":{"rendered":"http:\/\/192.168.33.142\/wordpress\/?page_id=1747"},"modified":"2022-11-15T12:33:07","modified_gmt":"2022-11-15T12:33:07","slug":"infraestruturas","status":"publish","type":"page","link":"https:\/\/www.arsenal-alfeite.pt\/en_us\/infraestruturas\/","title":{"rendered":"Infrastructures"},"content":{"rendered":"<p><section class=\"kc-elm kc-css-897749 kc_row\"><div class=\"kc-row-container  kc-container\"><div class=\"kc-wrap-columns\"><div class=\"kc-elm kc-css-916952 kc_col-sm-3 kc_column kc_col-sm-3\"><div class=\"kc-col-container\"><div class=\"kc-elm kc-css-16440\" style=\"height: 120px; clear: both; width:100%;\"><\/div>\n<div class=\"kc-elm kc-css-662996\">\n\t<a class=\"kc_button\" href=\"https:\/\/www.arsenal-alfeite.pt\/en_us\/navios-de-superficie\/\" target=\"_self\" title=\"Surface Ships\" onclick=\"\">\n\t\t<i class=\"sl-user\"><\/i> Surface Ships\t<\/a>\n<\/div>\n<div class=\"kc-elm kc-css-987975\" style=\"height: 120px; clear: both; width:100%;\"><\/div><\/div><\/div><div class=\"kc-elm kc-css-825766 kc_col-sm-3 kc_column kc_col-sm-3\"><div class=\"kc-col-container\"><div class=\"kc-elm kc-css-138474\" style=\"height: 120px; clear: both; width:100%;\"><\/div>\n<div class=\"kc-elm kc-css-741402\">\n\t<a class=\"kc_button\" href=\"https:\/\/www.arsenal-alfeite.pt\/en_us\/submarinos\/\" target=\"_self\" title=\"Submarines\" onclick=\"\">\n\t\t<i class=\"sl-user\"><\/i> Submarines\t<\/a>\n<\/div>\n<div class=\"kc-elm kc-css-194529\" style=\"height: 120px; clear: both; width:100%;\"><\/div><\/div><\/div><div class=\"kc-elm kc-css-538600 kc_col-sm-3 kc_column kc_col-sm-3\"><div class=\"kc-col-container\"><div class=\"kc-elm kc-css-324436\" style=\"height: 120px; clear: both; width:100%;\"><\/div>\n<div class=\"kc-elm kc-css-64464\">\n\t<a class=\"kc_button\" href=\"https:\/\/www.arsenal-alfeite.pt\/en_us\/outros-servicos\/\" target=\"_self\" title=\"Other Services\" onclick=\"\">\n\t\t<i class=\"sl-user\"><\/i> Other Services\t<\/a>\n<\/div>\n<div class=\"kc-elm kc-css-324705\" style=\"height: 120px; clear: both; width:100%;\"><\/div><\/div><\/div><div class=\"kc-elm kc-css-386099 kc_col-sm-3 kc_column kc_col-sm-3\"><div class=\"kc-col-container\"><div class=\"kc-elm kc-css-937925\" style=\"height: 120px; clear: both; width:100%;\"><\/div>\n<div class=\"kc-elm kc-css-629628\">\n\t<a class=\"kc_button\" href=\"#\" onclick=\"\">\n\t\t<i class=\"sl-user\"><\/i> Infrastructures\t<\/a>\n<\/div>\n<div class=\"kc-elm kc-css-437024\" style=\"height: 120px; clear: both; width:100%;\"><\/div><\/div><\/div><\/div><\/div><\/section><section class=\"kc-elm kc-css-292398 kc_row\"><div class=\"kc-row-container  kc-container\"><div class=\"kc-wrap-columns\"><div class=\"kc-elm kc-css-592138 kc_col-sm-12 kc_column kc_col-sm-12\"><div class=\"kc-col-container\">\n<div class=\"kc-elm kc-css-991714 kc-title-wrap\">\n\n\t<h1 class=\"kc_title\">Infrastructures<\/h1>\n<\/div>\n<div class=\"kc-elm kc-css-684764\" style=\"height: 20px; clear: both; width:100%;\"><\/div>\n<div class=\"kc-elm kc-css-307207 kc-title-wrap\">\n\n\t<h3 class=\"kc_title\">Area<\/h3>\n<\/div>\n<div class=\"kc-elm kc-css-884235\" style=\"height: 20px; clear: both; width:100%;\"><\/div><div class=\"kc-elm kc-css-217863 kc_text_block\"><\/p>\n<p>Implanta\u00e7\u00e3o &#8211; 36 hectares<\/p>\n<p>Coberta &#8211; 8 hectares<\/p>\n<p>\n<\/div><div class=\"kc-elm kc-css-544575\" style=\"height: 20px; clear: both; width:100%;\"><\/div>\n<div class=\"kc-elm kc-css-857055 kc-title-wrap\">\n\n\t<h3 class=\"kc_title\">Docking<\/h3>\n<\/div>\n<div class=\"kc-elm kc-css-883935\" style=\"height: 20px; clear: both; width:100%;\"><\/div><div class=\"kc-elm kc-css-153614 kc_text_block\"><\/p>\n<p><strong style=\"margin: 0px; padding: 0px; outline: none;\">1 Doca seca<\/strong>\u00a0com comprimento; 138 m; largura 18 m; profundidade 12 m; inclina\u00e7\u00e3o da linha de picadeiros em 138 m com um desn\u00edvel de 0,5 m (16,8m dist\u00e2ncia entre defensas \u00e0 entrada da Doca)<\/p>\n<p><strong style=\"margin: 0px; padding: 0px; outline: none;\">1 Doca Flutuante<\/strong>\u00a0para docagem de navios com um deslocamento Max. 825 Ton; Comprimento 60 m; Boca 16 m; Largura 12 m; Altura 9 m (11m de dist\u00e2ncia entre os patins)<\/p>\n<p><strong style=\"margin: 0px; padding: 0px; outline: none;\">Plano Inclinado N\u00ba1<\/strong>\u00a0com 20 carros de alagem e capacidade de carga por carro de 120 Ton; Comprimento 120 m; Largura 70 m; Inclina\u00e7\u00e3o 15,7 %<\/p>\n<p><strong style=\"margin: 0px; padding: 0px; outline: none;\">Plano Inclinado N\u00ba2<\/strong>\u00a0para navios com deslocamento m\u00e1ximo de 80 Ton, com Comprimento 53 m; Largura 40 m; Inclina\u00e7\u00e3o 12 %<\/p>\n<p><strong style=\"margin: 0px; padding: 0px; outline: none;\">Plano Inclinado N\u00ba3<\/strong>\u00a0Comprimento 150m; Largura 22m; Inclina\u00e7\u00e3o 4,8%; Deslocamento at\u00e9 200Ton; Boca Navio at\u00e9 12m; 2 carros de alagem<\/p>\n<p><strong style=\"margin: 0px; padding: 0px; outline: none;\">1 Cais Acost\u00e1vel<\/strong>\u00a0com 180 m de comprimento<\/p>\n<p><strong style=\"margin: 0px; padding: 0px; outline: none;\">1 Ponte de atraca\u00e7\u00e3o<\/strong>\u00a0com 100 m de comprimento<\/p>\n<p><strong style=\"margin: 0px; padding: 0px; outline: none;\">1 Ponte de atraca\u00e7\u00e3o<\/strong>\u00a0com 140 m de comprimento<\/p>\n<p><strong style=\"margin: 0px; padding: 0px; outline: none;\">1 Embarcadouro<\/strong><\/p>\n<p>\n<\/div><div class=\"kc-elm kc-css-36738\" style=\"height: 20px; clear: both; width:100%;\"><\/div>\n<div class=\"kc-elm kc-css-101551 kc-title-wrap\">\n\n\t<h3 class=\"kc_title\">Lifting Equipment<\/h3>\n<\/div>\n<div class=\"kc-elm kc-css-958960\" style=\"height: 20px; clear: both; width:100%;\"><\/div>\n<div class=\"kc-elm kc-css-896374 kc-title-wrap\">\n\n\t<h6 class=\"kc_title\">Guindaste sobre Carris:\r\n\r\n<\/h6>\n<\/div>\n<div class=\"kc-elm kc-css-60574\" style=\"height: 20px; clear: both; width:100%;\"><\/div><div class=\"kc-elm kc-css-766130 kc_text_block\"><\/p>\n<p>1 \u2013 40,0 tons x 20m \u2013 Cais Acost\u00e1vel<\/p>\n<p>1 \u2013\u00a03 tons x 20m\u00a0\u00a0\u00a0\u00a0\u00a0 \u2013 Cais Acost\u00e1vel \/ Doca Flutuante<\/p>\n<p>1 \u2013\u00a012 tons x 20m\u00a0\u00a0\u00a0 \u2013 Plano Inclinado 1<\/p>\n<p>1 \u2013 5,0 tons x 27m\u00a0\u00a0\u00a0\u2013 Doca Seca<\/p>\n<p>\n<\/div><div class=\"kc-elm kc-css-125735\" style=\"height: 20px; clear: both; width:100%;\"><\/div><div class=\"kc-elm kc-css-270459 kc_shortcode kc_single_image\">\n\n        <img decoding=\"async\" src=\"https:\/\/www.arsenal-alfeite.pt\/wp-content\/uploads\/2022\/11\/Infraestruturas.png\" class=\"\" alt=\"\" \/>    <\/div>\n<div class=\"kc-elm kc-css-332080\" style=\"height: 50px; clear: both; width:100%;\"><\/div><\/div><\/div><\/div><\/div><\/section><\/p>","protected":false},"excerpt":{"rendered":"","protected":false},"author":5,"featured_media":0,"parent":0,"menu_order":0,"comment_status":"closed","ping_status":"closed","template":"kc-template.php","meta":{"footnotes":""},"class_list":["post-1747","page","type-page","status-publish","hentry"],"_links":{"self":[{"href":"https:\/\/www.arsenal-alfeite.pt\/en_us\/wp-json\/wp\/v2\/pages\/1747","targetHints":{"allow":["GET"]}}],"collection":[{"href":"https:\/\/www.arsenal-alfeite.pt\/en_us\/wp-json\/wp\/v2\/pages"}],"about":[{"href":"https:\/\/www.arsenal-alfeite.pt\/en_us\/wp-json\/wp\/v2\/types\/page"}],"author":[{"embeddable":true,"href":"https:\/\/www.arsenal-alfeite.pt\/en_us\/wp-json\/wp\/v2\/users\/5"}],"replies":[{"embeddable":true,"href":"https:\/\/www.arsenal-alfeite.pt\/en_us\/wp-json\/wp\/v2\/comments?post=1747"}],"version-history":[{"count":24,"href":"https:\/\/www.arsenal-alfeite.pt\/en_us\/wp-json\/wp\/v2\/pages\/1747\/revisions"}],"predecessor-version":[{"id":3251,"href":"https:\/\/www.arsenal-alfeite.pt\/en_us\/wp-json\/wp\/v2\/pages\/1747\/revisions\/3251"}],"wp:attachment":[{"href":"https:\/\/www.arsenal-alfeite.pt\/en_us\/wp-json\/wp\/v2\/media?parent=1747"}],"curies":[{"name":"wp","href":"https:\/\/api.w.org\/{rel}","templated":true}]}}