{"id":1706,"date":"2022-06-07T11:05:09","date_gmt":"2022-06-07T11:05:09","guid":{"rendered":"http:\/\/192.168.33.142\/wordpress\/?page_id=1706"},"modified":"2023-09-06T11:35:10","modified_gmt":"2023-09-06T11:35:10","slug":"plano-estrategico","status":"publish","type":"page","link":"https:\/\/www.arsenal-alfeite.pt\/en_us\/plano-estrategico\/","title":{"rendered":"Strategic Plan"},"content":{"rendered":"<p><section class=\"kc-elm kc-css-544380 kc_row\"><div class=\"kc-row-container  kc-container\"><div class=\"kc-wrap-columns\"><div class=\"kc-elm kc-css-107899 kc_col-sm-12 kc_column kc_col-sm-12\"><div class=\"kc-col-container\"><div class=\"kc-elm kc-css-465288\" style=\"height: 120px; clear: both; width:100%;\"><\/div><div class=\"kc-elm kc-css-808378 kc_row kc_row_inner\"><div class=\"kc-elm kc-css-315872 kc_col-sm-4 kc_column_inner kc_col-sm-4\"><div class=\"kc_wrapper kc-col-inner-container\"><\/div><\/div><div class=\"kc-elm kc-css-25945 kc_col-sm-4 kc_column_inner kc_col-sm-4\"><div class=\"kc_wrapper kc-col-inner-container\"><div class=\"kc-elm kc-css-722688 kc_text_block\"><\/p>\n<p>Plano Estrat\u00e9gico Arsenal 4.0<\/p>\n<p>\n<\/div><\/div><\/div><div class=\"kc-elm kc-css-68468 kc_col-sm-4 kc_column_inner kc_col-sm-4\"><div class=\"kc_wrapper kc-col-inner-container\">\n<div class=\"kc-elm kc-css-642233\">\n\t<a class=\"kc_button\" href=\"https:\/\/g769ab32342f1af-aaclouddb.adb.eu-frankfurt-1.oraclecloudapps.com\/ords\/r\/aaoraclecloudapex\/inovaa\/home\" target=\"_blank\" title=\"\" onclick=\"\">\n\t\t<i class=\"et-desktop\"><\/i> Academia Arsenal | Centro de Inova\u00e7\u00e3o e Experimenta\u00e7\u00e3o (InovAA)\t<\/a>\n<\/div>\n<\/div><\/div><\/div><\/div><\/div><\/div><\/div><\/section><section data-kc-fullwidth=\"row\" class=\"kc-elm kc-css-100849 kc_row\"><div class=\"kc-row-container  kc-container\"><div class=\"kc-wrap-columns\"><div class=\"kc-elm kc-css-320266 kc_col-sm-12 kc_column kc_col-sm-12\"><div class=\"kc-col-container\"><div class=\"kc-elm kc-css-383450\" style=\"height: 40px; clear: both; width:100%;\"><\/div>\n<!-- START HOME -->\n<section id=\"home\" class=\"home_video html-video\">\n\n\n\t\n\t<video class=\"text-center\" muted=\"\" autoplay=\"\" loop=\"\">\n\t\t<!-- WebM\/VP8 for Firefox4, Opera, and Chrome -->\n\t\t<source type=\"video\/webm\" src=\"\">\n\t\t<!-- MP4 for Safari, IE9, iPhone, iPad, Android, and Windows Phone 7 -->\n\t\t<source type=\"video\/mp4\" src=\"\/wordpress\/wp-content\/uploads\/2022\/05\/copia_de_Alfeite4.0.mp4\">\n\t\tYour browser does not support the video tag.\t<\/video>\n\t\t\n\t<div class=\"hero-text slider-caption text-center\">\n\t\t<h3>Arsenal 4.0<\/h3>\n\t\t<h1>Creating a New Future<\/h1>\n\t\t <p><\/p>\n\t\t<div class=\"home_btn\">\n\t\t\t\t\t<\/div>\n\t<\/div> \n\t\n<\/section>\n<!-- END  HOME -->\n\t\n\n<div class=\"kc-elm kc-css-646078\" style=\"height: 40px; clear: both; width:100%;\"><\/div><\/div><\/div><\/div><\/div><\/section><section class=\"kc-elm kc-css-764158 kc_row\"><div class=\"kc-row-container  kc-container\"><div class=\"kc-wrap-columns\"><div class=\"kc-elm kc-css-995449 kc_col-sm-12 kc_column kc_col-sm-12\"><div class=\"kc-col-container\"><div class=\"kc-elm kc-css-715311 kc_row kc_row_inner\"><div class=\"kc-elm kc-css-964189 kc_col-sm-12 kc_column_inner kc_col-sm-12\"><div class=\"kc_wrapper kc-col-inner-container\">\n<div class=\"kc-elm kc-css-328600 kc-title-wrap\">\n\n\t<h1 class=\"kc_title\">AAsa | Strategic Plan \r\n<\/h1>\n<\/div>\n<div class=\"kc-elm kc-css-56160\" style=\"height: 70px; clear: both; width:100%;\"><\/div><\/div><\/div><\/div><div class=\"kc-elm kc-css-959086 kc_row kc_row_inner\"><div class=\"kc-elm kc-css-102774 kc_col-sm-6 kc_column_inner kc_col-sm-6\"><div class=\"kc_wrapper kc-col-inner-container\"><div class=\"kc-elm kc-css-984073 kc_shortcode kc_single_image\">\n\n        <img decoding=\"async\" src=\"https:\/\/www.arsenal-alfeite.pt\/wp-content\/uploads\/2022\/10\/missao_pt.jpg\" class=\"\" alt=\"\" \/>    <\/div>\n<div class=\"kc-elm kc-css-189509\" style=\"height: 30px; clear: both; width:100%;\"><\/div><div class=\"kc-elm kc-css-505955 kc_text_block\"><\/p>\n<p>Arsenal aims to be a shipyard based on cutting-edge technologies and highly qualified, distinctive and innovative skills, as well as integrated responsiveness, operational excellence, energy efficiency and environmental sustainability.<\/p>\n<p>\n<\/div><div class=\"kc-elm kc-css-428536 kc_shortcode kc_single_image\">\n\n        <img decoding=\"async\" src=\"https:\/\/www.arsenal-alfeite.pt\/wp-content\/uploads\/2022\/06\/Imagem2.png\" class=\"\" alt=\"\" \/>    <\/div>\n<\/div><\/div><div class=\"kc-elm kc-css-217780 kc_col-sm-6 kc_column_inner kc_col-sm-6\"><div class=\"kc_wrapper kc-col-inner-container\"><div class=\"kc-elm kc-css-981851 kc_shortcode kc_single_image\">\n\n        <img decoding=\"async\" src=\"https:\/\/www.arsenal-alfeite.pt\/wp-content\/uploads\/2022\/10\/estrategia_pt.jpg\" class=\"\" alt=\"\" \/>    <\/div>\n<\/div><\/div><\/div><div class=\"kc-elm kc-css-640789 kc_row kc_row_inner\"><div class=\"kc-elm kc-css-887689 kc_col-sm-12 kc_column_inner kc_col-sm-12\"><div class=\"kc_wrapper kc-col-inner-container\"><div class=\"kc-elm kc-css-852256\" style=\"height: 140px; clear: both; width:100%;\"><\/div><\/div><\/div><\/div><div class=\"kc-elm kc-css-989609 kc_row kc_row_inner\"><div class=\"kc-elm kc-css-148191 kc_col-sm-12 kc_column_inner kc_col-sm-12\"><div class=\"kc_wrapper kc-col-inner-container\">\n<div class=\"kc-elm kc-css-167047 kc-title-wrap\">\n\n\t<h1 class=\"kc_title\">Transformation<\/h1>\n<\/div>\n<\/div><\/div><\/div><div class=\"kc-elm kc-css-838193 kc_row kc_row_inner\"><div class=\"kc-elm kc-css-144854 kc_col-sm-6 kc_column_inner kc_col-sm-6\"><div class=\"kc_wrapper kc-col-inner-container\"><div class=\"kc-elm kc-css-506010\" style=\"height: 70px; clear: both; width:100%;\"><\/div><div class=\"kc-elm kc-css-828637 kc_shortcode kc_single_image\">\n\n        <img decoding=\"async\" src=\"https:\/\/www.arsenal-alfeite.pt\/wp-content\/uploads\/2022\/10\/procurar_pt-1024x912.jpg\" class=\"\" alt=\"\" \/>    <\/div>\n<div class=\"kc-elm kc-css-139724\" style=\"height: 60px; clear: both; width:100%;\"><\/div><\/div><\/div><div class=\"kc-elm kc-css-575 kc_col-sm-6 kc_column_inner kc_col-sm-6\"><div class=\"kc_wrapper kc-col-inner-container\"><div class=\"kc-elm kc-css-894371\" style=\"height: 70px; clear: both; width:100%;\"><\/div><div class=\"kc-elm kc-css-147277 kc_shortcode kc_single_image\">\n\n        <img decoding=\"async\" src=\"https:\/\/www.arsenal-alfeite.pt\/wp-content\/uploads\/2022\/10\/a_fazer_pt-1024x651.jpg\" class=\"\" alt=\"\" \/>    <\/div>\n<div class=\"kc-elm kc-css-787207\" style=\"height: 60px; clear: both; width:100%;\"><\/div><\/div><\/div><\/div><div class=\"kc-elm kc-css-624509 kc_row kc_row_inner\"><div class=\"kc-elm kc-css-410351 kc_col-sm-12 kc_column_inner kc_col-sm-12\"><div class=\"kc_wrapper kc-col-inner-container\">\n<div class=\"kc-elm kc-css-657177 kc-title-wrap\">\n\n\t<h1 class=\"kc_title\">Industry 4.0\r\n<\/h1>\n<\/div>\n<div class=\"kc-elm kc-css-162196\" style=\"height: 70px; clear: both; width:100%;\"><\/div><\/div><\/div><\/div><div class=\"kc-elm kc-css-379184 kc_row kc_row_inner\"><div class=\"kc-elm kc-css-702056 kc_col-sm-6 kc_column_inner kc_col-sm-6\"><div class=\"kc_wrapper kc-col-inner-container\"><div class=\"kc-elm kc-css-686470 kc_shortcode kc_single_image\">\n\n        <img decoding=\"async\" src=\"https:\/\/www.arsenal-alfeite.pt\/wp-content\/uploads\/2022\/05\/Imagem2.png\" class=\"\" alt=\"\" \/>    <\/div>\n<\/div><\/div><div class=\"kc-elm kc-css-55029 kc_col-sm-6 kc_column_inner kc_col-sm-6\"><div class=\"kc_wrapper kc-col-inner-container\"><div class=\"kc-elm kc-css-299363\" style=\"height: 60px; clear: both; width:100%;\"><\/div><div class=\"kc-elm kc-css-996340 kc_text_block\"><\/p>\n<p>The main objectives of adapting and implementing Industry 4.0 at the shipyard are to ensure focus on the customer and their needs, delivering value and innovation by operating efficiently and productively.<\/p>\n<p>Interoperability and interconnectivity between all stakeholders (customers, partners, manufacturers, etc.) are essential.<\/p>\n<p>\n<\/div><\/div><\/div><\/div><div class=\"kc-elm kc-css-141611 kc_row kc_row_inner\"><div class=\"kc-elm kc-css-294605 kc_col-sm-12 kc_column_inner kc_col-sm-12\"><div class=\"kc_wrapper kc-col-inner-container\"><div class=\"kc-elm kc-css-422898 kc_row kc_row_inner\"><div class=\"kc-elm kc-css-314692 kc_col-sm-12 kc_column_inner kc_col-sm-12\"><div class=\"kc_wrapper kc-col-inner-container\"><div class=\"kc-elm kc-css-398292\" style=\"height: 140px; clear: both; width:100%;\"><\/div>\n<div class=\"kc-elm kc-css-268117 kc-title-wrap\">\n\n\t<h1 class=\"kc_title\">Digital Transformation <\/h1>\n<\/div>\n<div class=\"kc-elm kc-css-298319\" style=\"height: 70px; clear: both; width:100%;\"><\/div><\/div><\/div><\/div><div class=\"kc-elm kc-css-559997 kc_row kc_row_inner\"><div class=\"kc-elm kc-css-488748 kc_col-sm-6 kc_column_inner kc_col-sm-6\"><div class=\"kc_wrapper kc-col-inner-container\"><div class=\"kc-elm kc-css-871842 kc_text_block\"><\/p>\n<p>Digital Transformation will result from the interception of these three environments (people, processes and technology) enhancing innovation and value creation.<\/p>\n<p>\n<\/div><div class=\"kc-elm kc-css-195137\" style=\"height: 30px; clear: both; width:100%;\"><\/div><div class=\"kc-elm kc-css-729451 kc_text_block\"><\/p>\n<p>People Involvement and qualification, readjustment and continuous improvement of processes, new management methodologies, technologies that value the delivery of work, foster a new mentality and cultural change promoting the transformation to shipyard 4.0 (ARSENAL 4.0).<\/p>\n<p>Customers, partners, manufacturers and other entities recognize these characteristics in Arsenal 4.0, building trust.<\/p>\n<p>\n<\/div><\/div><\/div><div class=\"kc-elm kc-css-955362 kc_col-sm-6 kc_column_inner kc_col-sm-6\"><div class=\"kc_wrapper kc-col-inner-container\"><div class=\"kc-elm kc-css-752708 kc_shortcode kc_single_image\">\n\n        <img decoding=\"async\" src=\"https:\/\/www.arsenal-alfeite.pt\/wp-content\/uploads\/2022\/10\/tranfDigital_pt.jpg\" class=\"\" alt=\"\" \/>    <\/div>\n<\/div><\/div><\/div><div class=\"kc-elm kc-css-170340 kc_row kc_row_inner\"><div class=\"kc-elm kc-css-497555 kc_col-sm-12 kc_column_inner kc_col-sm-12\"><div class=\"kc_wrapper kc-col-inner-container\"><div class=\"kc-elm kc-css-15458\" style=\"height: 30px; clear: both; width:100%;\"><\/div><div class=\"kc-elm kc-css-915688 kc_shortcode kc_single_image\">\n\n        <img decoding=\"async\" src=\"https:\/\/www.arsenal-alfeite.pt\/wp-content\/uploads\/2022\/10\/inovacao_1_pt.jpg\" class=\"\" alt=\"\" \/>    <\/div>\n<\/div><\/div><\/div><div class=\"kc-elm kc-css-649478\" style=\"height: 70px; clear: both; width:100%;\"><\/div><\/div><\/div><\/div>\n<div class=\"kc-elm kc-css-515185 kc-title-wrap\">\n\n\t<h1 class=\"kc_title\">Arsenal Academy<\/h1>\n<\/div>\n<div class=\"kc-elm kc-css-159380\" style=\"height: 50px; clear: both; width:100%;\"><\/div><div class=\"kc-elm kc-css-278969 kc_row kc_row_inner\"><div class=\"kc-elm kc-css-565567 kc_col-sm-6 kc_column_inner kc_col-sm-6\"><div class=\"kc_wrapper kc-col-inner-container\"><div class=\"kc-elm kc-css-117759 kc_shortcode kc_single_image\">\n\n        <img decoding=\"async\" src=\"https:\/\/www.arsenal-alfeite.pt\/wp-content\/uploads\/2022\/10\/academia_pt.jpg\" class=\"\" alt=\"\" \/>    <\/div>\n<\/div><\/div><div class=\"kc-elm kc-css-587889 kc_col-sm-6 kc_column_inner kc_col-sm-6\"><div class=\"kc_wrapper kc-col-inner-container\"><div class=\"kc-elm kc-css-95347\" style=\"height: 100px; clear: both; width:100%;\"><\/div><div class=\"kc-elm kc-css-776847 kc_text_block\"><\/p>\n<p>\nPeople and their empowerment are at the top of the digitization process. It is necessary to ensure that Arsenal do Alfeite has the necessary skills to respond to the strategic ambitions proposed in shipyard 4.0, as well as the appropriate knowledge sharing platform to maintain and grow them in line with future development ambitions.<\/p>\n<p>\n<\/div><div class=\"kc-elm kc-css-271806\" style=\"height: 10px; clear: both; width:100%;\"><\/div><div class=\"kc-elm kc-css-104127 kc_text_block\"><\/p>\n<p>\nArsenal is developing an Academy that is based on two fundamental pillars, Training and valuing human resources and Innovation. It is very important to be prepared for rapid adaptation and foresight in an ever-changing world and business.<\/p>\n<p>\n<\/div><\/div><\/div><\/div><div class=\"kc-elm kc-css-747525 kc_shortcode kc_single_image\">\n\n        <img decoding=\"async\" src=\"https:\/\/www.arsenal-alfeite.pt\/wp-content\/uploads\/2022\/11\/PRR-1.png\" class=\"\" alt=\"\" \/>    <\/div>\n<div class=\"kc-elm kc-css-575770\" style=\"height: 50px; clear: both; width:100%;\"><\/div>\n<div class=\"kc-elm kc-css-589002 kc-title-wrap\">\n\n\t<h1 class=\"kc_title\">Innovation<\/h1>\n<\/div>\n<div class=\"kc-elm kc-css-429248\" style=\"height: 50px; clear: both; width:100%;\"><\/div><div class=\"kc-elm kc-css-533825 kc_row kc_row_inner\"><div class=\"kc-elm kc-css-82167 kc_col-sm-6 kc_column_inner kc_col-sm-6\"><div class=\"kc_wrapper kc-col-inner-container\"><div class=\"kc-elm kc-css-195827 kc_shortcode kc_single_image\">\n\n        <img decoding=\"async\" src=\"https:\/\/www.arsenal-alfeite.pt\/wp-content\/uploads\/2022\/06\/Imagem16.png\" class=\"\" alt=\"\" \/>    <\/div>\n<div class=\"kc-elm kc-css-993248 kc_text_block\"><\/p>\n<p class=\"MsoNormal\">Com o apoio do <strong><a href=\"https:\/\/recuperarportugal.gov.pt\/\" target=\"_blank\" rel=\"noopener\">PRR &#8211; Plano de Recupera\u00e7\u00e3o e Resili\u00eancia<\/a><\/strong> e<br \/>dos Fundos Europeus NextGeneration EU, o Arsenal do Alfeite desenvolveu o<br \/>projeto da Academia do Arsenal, uma Academia que assenta em dois pilares<br \/>fundamentais, a Capacita\u00e7\u00e3o e valoriza\u00e7\u00e3o dos recursos humanos e a Inova\u00e7\u00e3o.<\/p>\n<p class=\"MsoNormal\">O projeto de investimento pretende dotar o Arsenal do<br \/>Alfeite de uma Academia de forma\u00e7\u00e3o dedicada ao desenvolvimento de programas de<br \/>ensino e \u00e0 forma\u00e7\u00e3o avan\u00e7ada de profissionais e \u00e0 promo\u00e7\u00e3o da inova\u00e7\u00e3o em<br \/>tecnologias e processos.<\/p>\n<p class=\"MsoNormal\">No \u00e2mbito do projeto, foi constitu\u00eddo o Centro de Inova\u00e7\u00e3o e<br \/>Experimenta\u00e7\u00e3o inovAA, dedicado \u00e0 promo\u00e7\u00e3o da moderniza\u00e7\u00e3o, melhoria cont\u00ednua e<br \/>efici\u00eancia dos processos produtivos, com foco na manuten\u00e7\u00e3o e repara\u00e7\u00e3o naval<br \/>atrav\u00e9s da transforma\u00e7\u00e3o digital do sector e subsectores com a integra\u00e7\u00e3o de<br \/>tecnologias da ind\u00fastria 4.0.<\/p>\n<p>\n<\/div><div class=\"kc-elm kc-css-621062\" style=\"height: 10px; clear: both; width:100%;\"><\/div>\n<div class=\"kc-elm kc-css-874280\">\n\t<a class=\"kc_button\" href=\"https:\/\/g769ab32342f1af-aaclouddb.adb.eu-frankfurt-1.oraclecloudapps.com\/ords\/r\/aaoraclecloudapex\/inovaa\/home\" target=\"_blank\" title=\"\" onclick=\"\">\n\t\tSee More <i class=\"sl-arrow-right\"><\/i>\t<\/a>\n<\/div>\n\n<div class=\"kc-elm kc-css-73276\">\n\t<a class=\"kc_button\" href=\"https:\/\/g769ab32342f1af-aaclouddb.adb.eu-frankfurt-1.oraclecloudapps.com\/ords\/r\/aaoraclecloudapex\/inovaa\/formul\u00e1rio\" target=\"_blank\" title=\"\" onclick=\"\">\n\t\tFormul\u00e1rio <i class=\"sl-arrow-right\"><\/i>\t<\/a>\n<\/div>\n<\/div><\/div><div class=\"kc-elm kc-css-282347 kc_col-sm-6 kc_column_inner kc_col-sm-6\"><div class=\"kc_wrapper kc-col-inner-container\"><div class=\"kc-elm kc-css-787415 kc_shortcode kc_single_image\">\n\n        <img decoding=\"async\" src=\"https:\/\/www.arsenal-alfeite.pt\/wp-content\/uploads\/2022\/06\/Imagem10.png\" class=\"\" alt=\"\" \/>    <\/div>\n<\/div><\/div><\/div><div class=\"kc-elm kc-css-551057\" style=\"height: 50px; clear: both; width:100%;\"><\/div><\/div><\/div><\/div><\/div><\/section><\/p>","protected":false},"excerpt":{"rendered":"","protected":false},"author":5,"featured_media":0,"parent":0,"menu_order":0,"comment_status":"closed","ping_status":"closed","template":"kc-template.php","meta":{"footnotes":""},"class_list":["post-1706","page","type-page","status-publish","hentry"],"_links":{"self":[{"href":"https:\/\/www.arsenal-alfeite.pt\/en_us\/wp-json\/wp\/v2\/pages\/1706","targetHints":{"allow":["GET"]}}],"collection":[{"href":"https:\/\/www.arsenal-alfeite.pt\/en_us\/wp-json\/wp\/v2\/pages"}],"about":[{"href":"https:\/\/www.arsenal-alfeite.pt\/en_us\/wp-json\/wp\/v2\/types\/page"}],"author":[{"embeddable":true,"href":"https:\/\/www.arsenal-alfeite.pt\/en_us\/wp-json\/wp\/v2\/users\/5"}],"replies":[{"embeddable":true,"href":"https:\/\/www.arsenal-alfeite.pt\/en_us\/wp-json\/wp\/v2\/comments?post=1706"}],"version-history":[{"count":44,"href":"https:\/\/www.arsenal-alfeite.pt\/en_us\/wp-json\/wp\/v2\/pages\/1706\/revisions"}],"predecessor-version":[{"id":3822,"href":"https:\/\/www.arsenal-alfeite.pt\/en_us\/wp-json\/wp\/v2\/pages\/1706\/revisions\/3822"}],"wp:attachment":[{"href":"https:\/\/www.arsenal-alfeite.pt\/en_us\/wp-json\/wp\/v2\/media?parent=1706"}],"curies":[{"name":"wp","href":"https:\/\/api.w.org\/{rel}","templated":true}]}}